{"id":589,"date":"2025-04-14T19:52:50","date_gmt":"2025-04-14T17:52:50","guid":{"rendered":"https:\/\/gadou.fr\/?page_id=589"},"modified":"2025-05-15T14:21:35","modified_gmt":"2025-05-15T12:21:35","slug":"gadou-jen-ferai-un-poeme","status":"publish","type":"page","link":"https:\/\/gadou.fr\/index.php\/gadou-jen-ferai-un-poeme\/","title":{"rendered":"Gadou &#8211; J&rsquo;en ferai un po\u00e8me"},"content":{"rendered":"\t\t<div data-elementor-type=\"wp-page\" data-elementor-id=\"589\" class=\"elementor elementor-589\">\n\t\t\t\t\t\t<section class=\"elementor-section elementor-top-section elementor-element elementor-element-56baac2 elementor-section-boxed elementor-section-height-default elementor-section-height-default\" data-id=\"56baac2\" data-element_type=\"section\" data-e-type=\"section\">\n\t\t\t\t\t\t<div class=\"elementor-container elementor-column-gap-default\">\n\t\t\t\t\t<div class=\"elementor-column elementor-col-50 elementor-top-column elementor-element elementor-element-e780738\" data-id=\"e780738\" data-element_type=\"column\" data-e-type=\"column\">\n\t\t\t<div class=\"elementor-widget-wrap elementor-element-populated\">\n\t\t\t\t\t\t<div class=\"elementor-element elementor-element-28c9713 elementor-invisible elementor-widget elementor-widget-image\" data-id=\"28c9713\" data-element_type=\"widget\" data-e-type=\"widget\" data-settings=\"{&quot;_animation&quot;:&quot;fadeInLeft&quot;}\" data-widget_type=\"image.default\">\n\t\t\t\t<div class=\"elementor-widget-container\">\n\t\t\t\t\t\t\t\t\t\t\t\t\t\t\t<img fetchpriority=\"high\" decoding=\"async\" width=\"1143\" height=\"1433\" src=\"https:\/\/gadou.fr\/wp-content\/uploads\/2025\/04\/GADOU-HISTOIRE-2-COUV-DEF.png\" class=\"attachment-full size-full wp-image-591\" alt=\"Gadou - J&#039;en ferai un po\u00e8me\" srcset=\"https:\/\/gadou.fr\/wp-content\/uploads\/2025\/04\/GADOU-HISTOIRE-2-COUV-DEF.png 1143w, https:\/\/gadou.fr\/wp-content\/uploads\/2025\/04\/GADOU-HISTOIRE-2-COUV-DEF-239x300.png 239w, https:\/\/gadou.fr\/wp-content\/uploads\/2025\/04\/GADOU-HISTOIRE-2-COUV-DEF-817x1024.png 817w, https:\/\/gadou.fr\/wp-content\/uploads\/2025\/04\/GADOU-HISTOIRE-2-COUV-DEF-768x963.png 768w\" sizes=\"100vw\" \/>\t\t\t\t\t\t\t\t\t\t\t\t\t\t\t<\/div>\n\t\t\t\t<\/div>\n\t\t\t\t\t<\/div>\n\t\t<\/div>\n\t\t\t\t<div class=\"elementor-column elementor-col-50 elementor-top-column elementor-element elementor-element-408d671\" data-id=\"408d671\" data-element_type=\"column\" data-e-type=\"column\">\n\t\t\t<div class=\"elementor-widget-wrap elementor-element-populated\">\n\t\t\t\t\t\t<div class=\"elementor-element elementor-element-c622fd5 elementor-invisible elementor-widget elementor-widget-text-editor\" data-id=\"c622fd5\" data-element_type=\"widget\" data-e-type=\"widget\" data-settings=\"{&quot;_animation&quot;:&quot;fadeInRight&quot;}\" data-widget_type=\"text-editor.default\">\n\t\t\t\t<div class=\"elementor-widget-container\">\n\t\t\t\t\t\t\t\t\t<p class=\"vlt-section-title__title\">Gadou<br \/>J&rsquo;en ferai un po\u00e8me<\/p>\t\t\t\t\t\t\t\t<\/div>\n\t\t\t\t<\/div>\n\t\t\t\t<div class=\"elementor-element elementor-element-c141d28 elementor-invisible elementor-widget elementor-widget-text-editor\" data-id=\"c141d28\" data-element_type=\"widget\" data-e-type=\"widget\" data-settings=\"{&quot;_animation&quot;:&quot;fadeInRight&quot;}\" data-widget_type=\"text-editor.default\">\n\t\t\t\t<div class=\"elementor-widget-container\">\n\t\t\t\t\t\t\t\t\t<p>Quand les chagrins ne riment \u00e0 rien,<br \/>il y a toujours une solution !<br \/><br \/>Et Gadou est bien d\u00e9cid\u00e9 \u00e0 partager <br \/>sa recette du bonheur avec toi !<br \/><br \/>C&rsquo;est parti !<\/p>\t\t\t\t\t\t\t\t<\/div>\n\t\t\t\t<\/div>\n\t\t\t\t<section class=\"elementor-section elementor-inner-section elementor-element elementor-element-283d565 elementor-section-full_width elementor-section-height-default elementor-section-height-default elementor-invisible\" data-id=\"283d565\" data-element_type=\"section\" data-e-type=\"section\" data-settings=\"{&quot;animation&quot;:&quot;fadeInUp&quot;}\">\n\t\t\t\t\t\t<div class=\"elementor-container elementor-column-gap-default\">\n\t\t\t\t\t<div class=\"elementor-column elementor-col-50 elementor-inner-column elementor-element elementor-element-cfa7324\" data-id=\"cfa7324\" data-element_type=\"column\" data-e-type=\"column\">\n\t\t\t<div class=\"elementor-widget-wrap elementor-element-populated\">\n\t\t\t\t\t\t<div class=\"elementor-element elementor-element-9af932f elementor-widget elementor-widget-text-editor\" data-id=\"9af932f\" data-element_type=\"widget\" data-e-type=\"widget\" data-widget_type=\"text-editor.default\">\n\t\t\t\t<div class=\"elementor-widget-container\">\n\t\t\t\t\t\t\t\t\t<p style=\"text-align: center;\"><span style=\"color: #b398bd;\"><strong>Editeur<br \/><\/strong><\/span>Mr Tan &amp; Co<\/p>\t\t\t\t\t\t\t\t<\/div>\n\t\t\t\t<\/div>\n\t\t\t\t\t<\/div>\n\t\t<\/div>\n\t\t\t\t<div class=\"elementor-column elementor-col-50 elementor-inner-column elementor-element elementor-element-210b24e\" data-id=\"210b24e\" data-element_type=\"column\" data-e-type=\"column\">\n\t\t\t<div class=\"elementor-widget-wrap elementor-element-populated\">\n\t\t\t\t\t\t<div class=\"elementor-element elementor-element-853f7c7 elementor-widget elementor-widget-text-editor\" data-id=\"853f7c7\" data-element_type=\"widget\" data-e-type=\"widget\" data-widget_type=\"text-editor.default\">\n\t\t\t\t<div class=\"elementor-widget-container\">\n\t\t\t\t\t\t\t\t\t<p style=\"text-align: center;\"><span style=\"color: #b398bd;\"><strong>Date de sortie<\/strong><\/span><br \/>15 mai 2025<\/p>\t\t\t\t\t\t\t\t<\/div>\n\t\t\t\t<\/div>\n\t\t\t\t\t<\/div>\n\t\t<\/div>\n\t\t\t\t\t<\/div>\n\t\t<\/section>\n\t\t\t\t<section class=\"elementor-section elementor-inner-section elementor-element elementor-element-5fff77f elementor-section-full_width elementor-section-height-default elementor-section-height-default elementor-invisible\" data-id=\"5fff77f\" data-element_type=\"section\" data-e-type=\"section\" data-settings=\"{&quot;animation&quot;:&quot;fadeInUp&quot;}\">\n\t\t\t\t\t\t<div class=\"elementor-container elementor-column-gap-default\">\n\t\t\t\t\t<div class=\"elementor-column elementor-col-50 elementor-inner-column elementor-element elementor-element-00e17db\" data-id=\"00e17db\" data-element_type=\"column\" data-e-type=\"column\">\n\t\t\t<div class=\"elementor-widget-wrap elementor-element-populated\">\n\t\t\t\t\t\t<div class=\"elementor-element elementor-element-f5dc9f5 elementor-widget elementor-widget-text-editor\" data-id=\"f5dc9f5\" data-element_type=\"widget\" data-e-type=\"widget\" data-widget_type=\"text-editor.default\">\n\t\t\t\t<div class=\"elementor-widget-container\">\n\t\t\t\t\t\t\t\t\t<p style=\"text-align: center;\"><span style=\"font-variant-ligatures: normal; font-variant-caps: normal; font-family: Roboto, sans-serif; font-size: 16px; font-style: normal; font-weight: 600; color: #b398bd;\">Textes \/ Illustrations<\/span><br \/><strong><span style=\"font-family: Roboto, sans-serif; font-size: 16px; font-style: normal; font-variant-ligatures: normal; font-variant-caps: normal;\">Mr Tan<\/span><\/strong><\/p>\t\t\t\t\t\t\t\t<\/div>\n\t\t\t\t<\/div>\n\t\t\t\t\t<\/div>\n\t\t<\/div>\n\t\t\t\t<div class=\"elementor-column elementor-col-50 elementor-inner-column elementor-element elementor-element-86affae\" data-id=\"86affae\" data-element_type=\"column\" data-e-type=\"column\">\n\t\t\t<div class=\"elementor-widget-wrap elementor-element-populated\">\n\t\t\t\t\t\t<div class=\"elementor-element elementor-element-82c9b1e elementor-widget elementor-widget-text-editor\" data-id=\"82c9b1e\" data-element_type=\"widget\" data-e-type=\"widget\" data-widget_type=\"text-editor.default\">\n\t\t\t\t<div class=\"elementor-widget-container\">\n\t\t\t\t\t\t\t\t\t<p style=\"text-align: center;\"><span style=\"font-variant-ligatures: normal; font-variant-caps: normal; font-family: Roboto, sans-serif; font-size: 16px; font-style: normal; font-weight: 600; color: #b398bd;\">Pages<\/span><br \/><strong><span style=\"font-family: Roboto, sans-serif; font-size: 16px; font-style: normal; font-variant-ligatures: normal; font-variant-caps: normal;\">32<\/span><\/strong><\/p>\t\t\t\t\t\t\t\t<\/div>\n\t\t\t\t<\/div>\n\t\t\t\t\t<\/div>\n\t\t<\/div>\n\t\t\t\t\t<\/div>\n\t\t<\/section>\n\t\t\t\t<section class=\"elementor-section elementor-inner-section elementor-element elementor-element-df0975b elementor-section-full_width elementor-section-height-default elementor-section-height-default elementor-invisible\" data-id=\"df0975b\" data-element_type=\"section\" data-e-type=\"section\" data-settings=\"{&quot;animation&quot;:&quot;fadeInUp&quot;}\">\n\t\t\t\t\t\t<div class=\"elementor-container elementor-column-gap-default\">\n\t\t\t\t\t<div class=\"elementor-column elementor-col-50 elementor-inner-column elementor-element elementor-element-b050b5d\" data-id=\"b050b5d\" data-element_type=\"column\" data-e-type=\"column\">\n\t\t\t<div class=\"elementor-widget-wrap elementor-element-populated\">\n\t\t\t\t\t\t<div class=\"elementor-element elementor-element-9a5239e elementor-widget elementor-widget-text-editor\" data-id=\"9a5239e\" data-element_type=\"widget\" data-e-type=\"widget\" data-widget_type=\"text-editor.default\">\n\t\t\t\t<div class=\"elementor-widget-container\">\n\t\t\t\t\t\t\t\t\t<p style=\"text-align: center;\"><span style=\"font-variant-ligatures: normal; font-variant-caps: normal; font-family: Roboto, sans-serif; font-size: 16px; font-style: normal; font-weight: 600; color: #b398bd;\">ISBN<\/span><br \/>9782494678521<\/p>\t\t\t\t\t\t\t\t<\/div>\n\t\t\t\t<\/div>\n\t\t\t\t\t<\/div>\n\t\t<\/div>\n\t\t\t\t<div class=\"elementor-column elementor-col-50 elementor-inner-column elementor-element elementor-element-4d2dcac\" data-id=\"4d2dcac\" data-element_type=\"column\" data-e-type=\"column\">\n\t\t\t<div class=\"elementor-widget-wrap elementor-element-populated\">\n\t\t\t\t\t\t<div class=\"elementor-element elementor-element-c9e75e3 elementor-widget elementor-widget-text-editor\" data-id=\"c9e75e3\" data-element_type=\"widget\" data-e-type=\"widget\" data-widget_type=\"text-editor.default\">\n\t\t\t\t<div class=\"elementor-widget-container\">\n\t\t\t\t\t\t\t\t\t<p style=\"text-align: center;\"><span style=\"font-variant-ligatures: normal; font-variant-caps: normal; font-family: Roboto, sans-serif; font-size: 16px; font-style: normal; font-weight: 600; color: #b398bd;\">Prix<\/span><br \/><strong><span style=\"font-family: Roboto, sans-serif; font-size: 16px; font-style: normal; font-variant-ligatures: normal; font-variant-caps: normal;\">7,90 \u20ac<\/span><\/strong><\/p>\t\t\t\t\t\t\t\t<\/div>\n\t\t\t\t<\/div>\n\t\t\t\t\t<\/div>\n\t\t<\/div>\n\t\t\t\t\t<\/div>\n\t\t<\/section>\n\t\t\t\t\t<\/div>\n\t\t<\/div>\n\t\t\t\t\t<\/div>\n\t\t<\/section>\n\t\t<div class=\"elementor-element elementor-element-d886b4a e-flex e-con-boxed e-con e-parent\" data-id=\"d886b4a\" data-element_type=\"container\" data-e-type=\"container\">\n\t\t\t\t\t<div class=\"e-con-inner\">\n\t\t\t\t<div class=\"elementor-element elementor-element-d4d7274 elementor-invisible elementor-widget elementor-widget-heading\" data-id=\"d4d7274\" data-element_type=\"widget\" data-e-type=\"widget\" data-settings=\"{&quot;_animation&quot;:&quot;fadeInRight&quot;}\" data-widget_type=\"heading.default\">\n\t\t\t\t<div class=\"elementor-widget-container\">\n\t\t\t\t\t<p class=\"elementor-heading-title elementor-size-default\">Extrait du livre<\/p>\t\t\t\t<\/div>\n\t\t\t\t<\/div>\n\t\t\t\t<div class=\"elementor-element elementor-element-63e40e8 elementor-widget elementor-widget-shortcode\" data-id=\"63e40e8\" data-element_type=\"widget\" data-e-type=\"widget\" data-widget_type=\"shortcode.default\">\n\t\t\t\t<div class=\"elementor-widget-container\">\n\t\t\t\t\t\t\t<div class=\"elementor-shortcode\"><div class=\"_df_book df-lite\" id=\"df_656\"  _slug=\"gadou-jen-ferai-un-poeme-extrait\" data-title=\"gadou-jen-ferai-un-poeme-extrait\" wpoptions=\"true\" thumbtype=\"\" ><\/div><script class=\"df-shortcode-script\" nowprocket type=\"application\/javascript\">window.option_df_656 = {\"outline\":[],\"backgroundColor\":\"#FFF\",\"autoEnableOutline\":\"false\",\"autoEnableThumbnail\":\"false\",\"overwritePDFOutline\":\"false\",\"enableDownload\":\"false\",\"direction\":\"1\",\"pageSize\":\"0\",\"controlsPosition\":\"hide\",\"source\":\"https:\\\/\\\/gadou.fr\\\/wp-content\\\/uploads\\\/2025\\\/05\\\/GADOU-HISTOIRE-2-Extrait.pdf\",\"wpOptions\":\"true\"}; if(window.DFLIP && window.DFLIP.parseBooks){window.DFLIP.parseBooks();}<\/script><\/div>\n\t\t\t\t\t\t<\/div>\n\t\t\t\t<\/div>\n\t\t\t\t<div class=\"elementor-element elementor-element-5df63db elementor-widget elementor-widget-heading\" data-id=\"5df63db\" data-element_type=\"widget\" data-e-type=\"widget\" data-widget_type=\"heading.default\">\n\t\t\t\t<div class=\"elementor-widget-container\">\n\t\t\t\t\t<h2 class=\"elementor-heading-title elementor-size-default\">Commandez votre exemplaire<\/h2>\t\t\t\t<\/div>\n\t\t\t\t<\/div>\n\t\t\t\t<div class=\"elementor-element elementor-element-8b8d7db elementor-widget-divider--view-line elementor-widget elementor-widget-divider\" data-id=\"8b8d7db\" data-element_type=\"widget\" data-e-type=\"widget\" data-widget_type=\"divider.default\">\n\t\t\t\t<div class=\"elementor-widget-container\">\n\t\t\t\t\t\t\t<div class=\"elementor-divider\">\n\t\t\t<span class=\"elementor-divider-separator\">\n\t\t\t\t\t\t<\/span>\n\t\t<\/div>\n\t\t\t\t\t\t<\/div>\n\t\t\t\t<\/div>\n\t\t\t\t\t<\/div>\n\t\t\t\t<\/div>\n\t\t<div class=\"elementor-element elementor-element-59b7177 e-grid e-con-boxed e-con e-parent\" data-id=\"59b7177\" data-element_type=\"container\" data-e-type=\"container\">\n\t\t\t\t\t<div class=\"e-con-inner\">\n\t\t\t\t<div class=\"elementor-element elementor-element-ecac7a8 elementor-widget elementor-widget-image\" data-id=\"ecac7a8\" data-element_type=\"widget\" data-e-type=\"widget\" data-widget_type=\"image.default\">\n\t\t\t\t<div class=\"elementor-widget-container\">\n\t\t\t\t\t\t\t\t\t\t\t\t\t\t\t\t<a href=\"https:\/\/amzn.to\/42Ka9HE\">\n\t\t\t\t\t\t\t<img decoding=\"async\" width=\"512\" height=\"156\" src=\"https:\/\/gadou.fr\/wp-content\/uploads\/2025\/04\/amazon.png\" class=\"attachment-full size-full wp-image-621\" alt=\"\" srcset=\"https:\/\/gadou.fr\/wp-content\/uploads\/2025\/04\/amazon.png 512w, https:\/\/gadou.fr\/wp-content\/uploads\/2025\/04\/amazon-300x91.png 300w\" sizes=\"100vw\" \/>\t\t\t\t\t\t\t\t<\/a>\n\t\t\t\t\t\t\t\t\t\t\t\t\t\t\t<\/div>\n\t\t\t\t<\/div>\n\t\t\t\t<div class=\"elementor-element elementor-element-4fc7aa3 elementor-widget elementor-widget-image\" data-id=\"4fc7aa3\" data-element_type=\"widget\" data-e-type=\"widget\" data-widget_type=\"image.default\">\n\t\t\t\t<div class=\"elementor-widget-container\">\n\t\t\t\t\t\t\t\t\t\t\t\t\t\t\t\t<a href=\"https:\/\/tidd.ly\/4jxpcdj\">\n\t\t\t\t\t\t\t<img decoding=\"async\" width=\"383\" height=\"131\" src=\"https:\/\/gadou.fr\/wp-content\/uploads\/2025\/04\/fnac.png\" class=\"attachment-large size-large wp-image-623\" alt=\"\" srcset=\"https:\/\/gadou.fr\/wp-content\/uploads\/2025\/04\/fnac.png 383w, https:\/\/gadou.fr\/wp-content\/uploads\/2025\/04\/fnac-300x103.png 300w\" sizes=\"100vw\" \/>\t\t\t\t\t\t\t\t<\/a>\n\t\t\t\t\t\t\t\t\t\t\t\t\t\t\t<\/div>\n\t\t\t\t<\/div>\n\t\t\t\t<div class=\"elementor-element elementor-element-be466cb elementor-widget elementor-widget-image\" data-id=\"be466cb\" data-element_type=\"widget\" data-e-type=\"widget\" data-widget_type=\"image.default\">\n\t\t\t\t<div class=\"elementor-widget-container\">\n\t\t\t\t\t\t\t\t\t\t\t\t\t\t\t\t<a href=\"https:\/\/tidd.ly\/3Y1lTD2\">\n\t\t\t\t\t\t\t<img loading=\"lazy\" decoding=\"async\" width=\"575\" height=\"190\" src=\"https:\/\/gadou.fr\/wp-content\/uploads\/2025\/04\/cultura.png\" class=\"attachment-large size-large wp-image-624\" alt=\"\" srcset=\"https:\/\/gadou.fr\/wp-content\/uploads\/2025\/04\/cultura.png 575w, https:\/\/gadou.fr\/wp-content\/uploads\/2025\/04\/cultura-300x99.png 300w\" sizes=\"100vw\" \/>\t\t\t\t\t\t\t\t<\/a>\n\t\t\t\t\t\t\t\t\t\t\t\t\t\t\t<\/div>\n\t\t\t\t<\/div>\n\t\t\t\t\t<\/div>\n\t\t\t\t<\/div>\n\t\t<div class=\"elementor-element elementor-element-502bd37 e-flex e-con-boxed e-con e-parent\" data-id=\"502bd37\" data-element_type=\"container\" data-e-type=\"container\">\n\t\t\t\t\t<div class=\"e-con-inner\">\n\t\t\t\t<div class=\"elementor-element elementor-element-2624766 elementor-widget elementor-widget-spacer\" data-id=\"2624766\" data-element_type=\"widget\" data-e-type=\"widget\" data-widget_type=\"spacer.default\">\n\t\t\t\t<div class=\"elementor-widget-container\">\n\t\t\t\t\t\t\t<div class=\"elementor-spacer\">\n\t\t\t<div class=\"elementor-spacer-inner\"><\/div>\n\t\t<\/div>\n\t\t\t\t\t\t<\/div>\n\t\t\t\t<\/div>\n\t\t\t\t<div class=\"elementor-element elementor-element-9c5ca86 elementor-align-center elementor-widget elementor-widget-button\" data-id=\"9c5ca86\" data-element_type=\"widget\" data-e-type=\"widget\" data-widget_type=\"button.default\">\n\t\t\t\t<div class=\"elementor-widget-container\">\n\t\t\t\t\t\t\t\t\t<div class=\"elementor-button-wrapper\">\n\t\t\t\t\t<a class=\"elementor-button elementor-button-link elementor-size-sm\" href=\"https:\/\/gadou.fr\/index.php\/mes-livres\/\">\n\t\t\t\t\t\t<span class=\"elementor-button-content-wrapper\">\n\t\t\t\t\t\t\t\t\t<span class=\"elementor-button-text\">Retour aux LIVRES<\/span>\n\t\t\t\t\t<\/span>\n\t\t\t\t\t<\/a>\n\t\t\t\t<\/div>\n\t\t\t\t\t\t\t\t<\/div>\n\t\t\t\t<\/div>\n\t\t\t\t\t<\/div>\n\t\t\t\t<\/div>\n\t\t\t\t<\/div>\n\t\t","protected":false},"excerpt":{"rendered":"<p>GadouJ&rsquo;en ferai un po\u00e8me Quand les chagrins ne riment \u00e0 rien,il y a toujours une solution ! Et Gadou est bien d\u00e9cid\u00e9 \u00e0 partager sa recette du bonheur avec toi ! C&rsquo;est parti ! EditeurMr Tan &amp; Co Date de sortie15 mai 2025 Textes \/ IllustrationsMr Tan Pages32 ISBN9782494678521 Prix7,90 \u20ac Extrait du livre Commandez &hellip; <\/p>\n<p class=\"link-more\"><a href=\"https:\/\/gadou.fr\/index.php\/gadou-jen-ferai-un-poeme\/\" class=\"more-link\">Continuer la lecture<span class=\"screen-reader-text\"> de &laquo;&nbsp;Gadou &#8211; J&rsquo;en ferai un po\u00e8me&nbsp;&raquo;<\/span><\/a><\/p>\n","protected":false},"author":1,"featured_media":0,"parent":0,"menu_order":0,"comment_status":"closed","ping_status":"closed","template":"","meta":{"footnotes":""},"class_list":["post-589","page","type-page","status-publish","hentry"],"_links":{"self":[{"href":"https:\/\/gadou.fr\/index.php\/wp-json\/wp\/v2\/pages\/589","targetHints":{"allow":["GET"]}}],"collection":[{"href":"https:\/\/gadou.fr\/index.php\/wp-json\/wp\/v2\/pages"}],"about":[{"href":"https:\/\/gadou.fr\/index.php\/wp-json\/wp\/v2\/types\/page"}],"author":[{"embeddable":true,"href":"https:\/\/gadou.fr\/index.php\/wp-json\/wp\/v2\/users\/1"}],"replies":[{"embeddable":true,"href":"https:\/\/gadou.fr\/index.php\/wp-json\/wp\/v2\/comments?post=589"}],"version-history":[{"count":22,"href":"https:\/\/gadou.fr\/index.php\/wp-json\/wp\/v2\/pages\/589\/revisions"}],"predecessor-version":[{"id":670,"href":"https:\/\/gadou.fr\/index.php\/wp-json\/wp\/v2\/pages\/589\/revisions\/670"}],"wp:attachment":[{"href":"https:\/\/gadou.fr\/index.php\/wp-json\/wp\/v2\/media?parent=589"}],"curies":[{"name":"wp","href":"https:\/\/api.w.org\/{rel}","templated":true}]}}