{"id":356,"date":"2024-06-14T14:01:42","date_gmt":"2024-06-14T12:01:42","guid":{"rendered":"https:\/\/site.gadou.fr\/?page_id=356"},"modified":"2025-05-15T14:33:48","modified_gmt":"2025-05-15T12:33:48","slug":"ma-musique","status":"publish","type":"page","link":"https:\/\/gadou.fr\/index.php\/ma-musique\/","title":{"rendered":"Ma musique"},"content":{"rendered":"\t\t<div data-elementor-type=\"wp-page\" data-elementor-id=\"356\" class=\"elementor elementor-356\">\n\t\t\t\t\t\t<section class=\"elementor-section elementor-top-section elementor-element elementor-element-844f30e elementor-section-boxed elementor-section-height-default elementor-section-height-default\" data-id=\"844f30e\" data-element_type=\"section\" data-e-type=\"section\">\n\t\t\t\t\t\t<div class=\"elementor-container elementor-column-gap-default\">\n\t\t\t\t\t<div class=\"elementor-column elementor-col-50 elementor-top-column elementor-element elementor-element-6d448f1 elementor-invisible\" data-id=\"6d448f1\" data-element_type=\"column\" data-e-type=\"column\" data-settings=\"{&quot;animation&quot;:&quot;fadeInLeft&quot;}\">\n\t\t\t<div class=\"elementor-widget-wrap elementor-element-populated\">\n\t\t\t\t\t\t<div class=\"elementor-element elementor-element-3db6cfa elementor-widget elementor-widget-image\" data-id=\"3db6cfa\" data-element_type=\"widget\" data-e-type=\"widget\" data-widget_type=\"image.default\">\n\t\t\t\t<div class=\"elementor-widget-container\">\n\t\t\t\t\t\t\t\t\t\t\t\t\t\t\t\t<a href=\"https:\/\/lnkfi.re\/lT8VHnpA\">\n\t\t\t\t\t\t\t<img fetchpriority=\"high\" decoding=\"async\" width=\"1280\" height=\"1280\" src=\"https:\/\/gadou.fr\/wp-content\/uploads\/2024\/06\/Go-go-JUICE-cover-Grande.jpeg\" class=\"attachment-full size-full wp-image-375\" alt=\"\" srcset=\"https:\/\/gadou.fr\/wp-content\/uploads\/2024\/06\/Go-go-JUICE-cover-Grande.jpeg 1280w, https:\/\/gadou.fr\/wp-content\/uploads\/2024\/06\/Go-go-JUICE-cover-Grande-300x300.jpeg 300w, https:\/\/gadou.fr\/wp-content\/uploads\/2024\/06\/Go-go-JUICE-cover-Grande-1024x1024.jpeg 1024w, https:\/\/gadou.fr\/wp-content\/uploads\/2024\/06\/Go-go-JUICE-cover-Grande-150x150.jpeg 150w, https:\/\/gadou.fr\/wp-content\/uploads\/2024\/06\/Go-go-JUICE-cover-Grande-768x768.jpeg 768w, https:\/\/gadou.fr\/wp-content\/uploads\/2024\/06\/Go-go-JUICE-cover-Grande-100x100.jpeg 100w\" sizes=\"100vw\" \/>\t\t\t\t\t\t\t\t<\/a>\n\t\t\t\t\t\t\t\t\t\t\t\t\t\t\t<\/div>\n\t\t\t\t<\/div>\n\t\t\t\t\t<\/div>\n\t\t<\/div>\n\t\t\t\t<div class=\"elementor-column elementor-col-50 elementor-top-column elementor-element elementor-element-ed44177\" data-id=\"ed44177\" data-element_type=\"column\" data-e-type=\"column\">\n\t\t\t<div class=\"elementor-widget-wrap elementor-element-populated\">\n\t\t\t\t\t\t<div class=\"elementor-element elementor-element-56502d0 elementor-invisible elementor-widget elementor-widget-text-editor\" data-id=\"56502d0\" data-element_type=\"widget\" data-e-type=\"widget\" data-settings=\"{&quot;_animation&quot;:&quot;fadeInRight&quot;}\" data-widget_type=\"text-editor.default\">\n\t\t\t\t<div class=\"elementor-widget-container\">\n\t\t\t\t\t\t\t\t\t<p class=\"vlt-section-title__title\" style=\"font-size: 35px; text-align: center;\">Gadou<br \/>Go Go Juice !<\/p>\t\t\t\t\t\t\t\t<\/div>\n\t\t\t\t<\/div>\n\t\t\t\t<div class=\"elementor-element elementor-element-bc707a0 elementor-invisible elementor-widget elementor-widget-text-editor\" data-id=\"bc707a0\" data-element_type=\"widget\" data-e-type=\"widget\" data-settings=\"{&quot;_animation&quot;:&quot;fadeInRight&quot;}\" data-widget_type=\"text-editor.default\">\n\t\t\t\t<div class=\"elementor-widget-container\">\n\t\t\t\t\t\t\t\t\t<p style=\"text-align: center;\">Retrouvez le premier single de Gadou qui donne de l&rsquo;\u00e9nergie !!!<\/p>\t\t\t\t\t\t\t\t<\/div>\n\t\t\t\t<\/div>\n\t\t\t\t<div class=\"elementor-element elementor-element-f982e22 elementor-invisible elementor-widget elementor-widget-text-editor\" data-id=\"f982e22\" data-element_type=\"widget\" data-e-type=\"widget\" data-settings=\"{&quot;_animation&quot;:&quot;fadeInRight&quot;}\" data-widget_type=\"text-editor.default\">\n\t\t\t\t<div class=\"elementor-widget-container\">\n\t\t\t\t\t\t\t\t\t<p><strong>Production<\/strong><br \/>Mr Tan &amp; Co<\/p><p><strong>Date de sortie<\/strong><br \/>17 avril 2024<\/p><p><strong>UPC<br \/><\/strong>&#8212;<strong><br \/><\/strong><\/p>\t\t\t\t\t\t\t\t<\/div>\n\t\t\t\t<\/div>\n\t\t\t\t<div class=\"elementor-element elementor-element-389180f elementor-invisible elementor-widget elementor-widget-text-editor\" data-id=\"389180f\" data-element_type=\"widget\" data-e-type=\"widget\" data-settings=\"{&quot;_animation&quot;:&quot;fadeInRight&quot;}\" data-widget_type=\"text-editor.default\">\n\t\t\t\t<div class=\"elementor-widget-container\">\n\t\t\t\t\t\t\t\t\t<p><strong>Paroles<\/strong><br \/>Mr Tan<\/p><p><strong>Illustration<\/strong><br \/>Mr Tan<\/p><p><strong>Musiques<\/strong><br \/>Vincent Blaviel<\/p>\t\t\t\t\t\t\t\t<\/div>\n\t\t\t\t<\/div>\n\t\t\t\t<div class=\"elementor-element elementor-element-a0a2dec elementor-invisible elementor-widget elementor-widget-text-editor\" data-id=\"a0a2dec\" data-element_type=\"widget\" data-e-type=\"widget\" data-settings=\"{&quot;_animation&quot;:&quot;fadeInUp&quot;}\" data-widget_type=\"text-editor.default\">\n\t\t\t\t<div class=\"elementor-widget-container\">\n\t\t\t\t\t\t\t\t\t<p style=\"text-align: center;\"><strong><span style=\"color: #000000;\">Interpr\u00e8tes : Mr Tan<\/span><\/strong><\/p>\t\t\t\t\t\t\t\t<\/div>\n\t\t\t\t<\/div>\n\t\t\t\t<div class=\"elementor-element elementor-element-36116d5 elementor-align-center elementor-invisible elementor-widget elementor-widget-button\" data-id=\"36116d5\" data-element_type=\"widget\" data-e-type=\"widget\" data-settings=\"{&quot;_animation&quot;:&quot;fadeInUp&quot;}\" data-widget_type=\"button.default\">\n\t\t\t\t<div class=\"elementor-widget-container\">\n\t\t\t\t\t\t\t\t\t<div class=\"elementor-button-wrapper\">\n\t\t\t\t\t<a class=\"elementor-button elementor-button-link elementor-size-lg\" href=\"https:\/\/lnkfi.re\/lT8VHnpA\">\n\t\t\t\t\t\t<span class=\"elementor-button-content-wrapper\">\n\t\t\t\t\t\t<span class=\"elementor-button-icon\">\n\t\t\t\t<svg aria-hidden=\"true\" class=\"e-font-icon-svg e-fas-music\" viewBox=\"0 0 512 512\" xmlns=\"http:\/\/www.w3.org\/2000\/svg\"><path d=\"M470.38 1.51L150.41 96A32 32 0 0 0 128 126.51v261.41A139 139 0 0 0 96 384c-53 0-96 28.66-96 64s43 64 96 64 96-28.66 96-64V214.32l256-75v184.61a138.4 138.4 0 0 0-32-3.93c-53 0-96 28.66-96 64s43 64 96 64 96-28.65 96-64V32a32 32 0 0 0-41.62-30.49z\"><\/path><\/svg>\t\t\t<\/span>\n\t\t\t\t\t\t\t\t\t<span class=\"elementor-button-text\">Ecouter en streaming<\/span>\n\t\t\t\t\t<\/span>\n\t\t\t\t\t<\/a>\n\t\t\t\t<\/div>\n\t\t\t\t\t\t\t\t<\/div>\n\t\t\t\t<\/div>\n\t\t\t\t\t<\/div>\n\t\t<\/div>\n\t\t\t\t\t<\/div>\n\t\t<\/section>\n\t\t\t\t<section class=\"elementor-section elementor-top-section elementor-element elementor-element-1782e1d elementor-section-boxed elementor-section-height-default elementor-section-height-default\" data-id=\"1782e1d\" data-element_type=\"section\" data-e-type=\"section\">\n\t\t\t\t\t\t<div class=\"elementor-container elementor-column-gap-default\">\n\t\t\t\t\t<div class=\"elementor-column elementor-col-50 elementor-top-column elementor-element elementor-element-3c99259 elementor-invisible\" data-id=\"3c99259\" data-element_type=\"column\" data-e-type=\"column\" data-settings=\"{&quot;animation&quot;:&quot;fadeInLeft&quot;}\">\n\t\t\t<div class=\"elementor-widget-wrap elementor-element-populated\">\n\t\t\t\t\t\t<div class=\"elementor-element elementor-element-efdcca9 elementor-invisible elementor-widget elementor-widget-text-editor\" data-id=\"efdcca9\" data-element_type=\"widget\" data-e-type=\"widget\" data-settings=\"{&quot;_animation&quot;:&quot;fadeInRight&quot;}\" data-widget_type=\"text-editor.default\">\n\t\t\t\t<div class=\"elementor-widget-container\">\n\t\t\t\t\t\t\t\t\t<p class=\"vlt-section-title__title\" style=\"font-size: 35px; text-align: center;\">Gadou<br \/>Chasseur d&rsquo;\u00e9toiles<\/p>\t\t\t\t\t\t\t\t<\/div>\n\t\t\t\t<\/div>\n\t\t\t\t<div class=\"elementor-element elementor-element-1eefd99 elementor-invisible elementor-widget elementor-widget-text-editor\" data-id=\"1eefd99\" data-element_type=\"widget\" data-e-type=\"widget\" data-settings=\"{&quot;_animation&quot;:&quot;fadeInRight&quot;}\" data-widget_type=\"text-editor.default\">\n\t\t\t\t<div class=\"elementor-widget-container\">\n\t\t\t\t\t\t\t\t\t<p style=\"text-align: center;\">Retrouvez le deuxi\u00e8me single de Gadou tout en douceur&#8230;<\/p>\t\t\t\t\t\t\t\t<\/div>\n\t\t\t\t<\/div>\n\t\t\t\t<div class=\"elementor-element elementor-element-180f8dd elementor-invisible elementor-widget elementor-widget-text-editor\" data-id=\"180f8dd\" data-element_type=\"widget\" data-e-type=\"widget\" data-settings=\"{&quot;_animation&quot;:&quot;fadeInRight&quot;}\" data-widget_type=\"text-editor.default\">\n\t\t\t\t<div class=\"elementor-widget-container\">\n\t\t\t\t\t\t\t\t\t<p><strong>Production<\/strong><br \/>Mr Tan &amp; Co<\/p><p><strong>Date de sortie<\/strong><br \/>12 mai 2025<\/p><p><strong>UPC<br \/><\/strong>&#8212;<strong><br \/><\/strong><\/p>\t\t\t\t\t\t\t\t<\/div>\n\t\t\t\t<\/div>\n\t\t\t\t<div class=\"elementor-element elementor-element-00d9900 elementor-invisible elementor-widget elementor-widget-text-editor\" data-id=\"00d9900\" data-element_type=\"widget\" data-e-type=\"widget\" data-settings=\"{&quot;_animation&quot;:&quot;fadeInRight&quot;}\" data-widget_type=\"text-editor.default\">\n\t\t\t\t<div class=\"elementor-widget-container\">\n\t\t\t\t\t\t\t\t\t<p><strong>Paroles<\/strong><br \/>Mr Tan<\/p><p><strong>Illustration<\/strong><br \/>Mr Tan<\/p><p><strong>Musiques<\/strong><br \/>Vincent Blaviel<\/p>\t\t\t\t\t\t\t\t<\/div>\n\t\t\t\t<\/div>\n\t\t\t\t<div class=\"elementor-element elementor-element-db5caf8 elementor-invisible elementor-widget elementor-widget-text-editor\" data-id=\"db5caf8\" data-element_type=\"widget\" data-e-type=\"widget\" data-settings=\"{&quot;_animation&quot;:&quot;fadeInUp&quot;}\" data-widget_type=\"text-editor.default\">\n\t\t\t\t<div class=\"elementor-widget-container\">\n\t\t\t\t\t\t\t\t\t<p style=\"text-align: center;\"><strong><span style=\"color: #000000;\">Interpr\u00e8tes : Mr Tan<\/span><\/strong><\/p>\t\t\t\t\t\t\t\t<\/div>\n\t\t\t\t<\/div>\n\t\t\t\t<div class=\"elementor-element elementor-element-7fcf214 elementor-align-center elementor-invisible elementor-widget elementor-widget-button\" data-id=\"7fcf214\" data-element_type=\"widget\" data-e-type=\"widget\" data-settings=\"{&quot;_animation&quot;:&quot;fadeInUp&quot;}\" data-widget_type=\"button.default\">\n\t\t\t\t<div class=\"elementor-widget-container\">\n\t\t\t\t\t\t\t\t\t<div class=\"elementor-button-wrapper\">\n\t\t\t\t\t<a class=\"elementor-button elementor-button-link elementor-size-lg\" href=\"https:\/\/lnkfi.re\/vUndV8Rk\">\n\t\t\t\t\t\t<span class=\"elementor-button-content-wrapper\">\n\t\t\t\t\t\t<span class=\"elementor-button-icon\">\n\t\t\t\t<svg aria-hidden=\"true\" class=\"e-font-icon-svg e-fas-music\" viewBox=\"0 0 512 512\" xmlns=\"http:\/\/www.w3.org\/2000\/svg\"><path d=\"M470.38 1.51L150.41 96A32 32 0 0 0 128 126.51v261.41A139 139 0 0 0 96 384c-53 0-96 28.66-96 64s43 64 96 64 96-28.66 96-64V214.32l256-75v184.61a138.4 138.4 0 0 0-32-3.93c-53 0-96 28.66-96 64s43 64 96 64 96-28.65 96-64V32a32 32 0 0 0-41.62-30.49z\"><\/path><\/svg>\t\t\t<\/span>\n\t\t\t\t\t\t\t\t\t<span class=\"elementor-button-text\">Ecouter en streaming<\/span>\n\t\t\t\t\t<\/span>\n\t\t\t\t\t<\/a>\n\t\t\t\t<\/div>\n\t\t\t\t\t\t\t\t<\/div>\n\t\t\t\t<\/div>\n\t\t\t\t\t<\/div>\n\t\t<\/div>\n\t\t\t\t<div class=\"elementor-column elementor-col-50 elementor-top-column elementor-element elementor-element-6c22830 elementor-invisible\" data-id=\"6c22830\" data-element_type=\"column\" data-e-type=\"column\" data-settings=\"{&quot;animation&quot;:&quot;fadeInRight&quot;}\">\n\t\t\t<div class=\"elementor-widget-wrap elementor-element-populated\">\n\t\t\t\t\t\t<div class=\"elementor-element elementor-element-9e271bc elementor-widget elementor-widget-image\" data-id=\"9e271bc\" data-element_type=\"widget\" data-e-type=\"widget\" data-widget_type=\"image.default\">\n\t\t\t\t<div class=\"elementor-widget-container\">\n\t\t\t\t\t\t\t\t\t\t\t\t\t\t\t\t<a href=\"https:\/\/lnkfi.re\/vUndV8Rk\">\n\t\t\t\t\t\t\t<img decoding=\"async\" width=\"2560\" height=\"2560\" src=\"https:\/\/gadou.fr\/wp-content\/uploads\/2025\/05\/Chasseur-de\u0301toiles-COVER-v2-3000x3000-1-scaled.png\" class=\"attachment-full size-full wp-image-677\" alt=\"\" srcset=\"https:\/\/gadou.fr\/wp-content\/uploads\/2025\/05\/Chasseur-de\u0301toiles-COVER-v2-3000x3000-1-scaled.png 2560w, https:\/\/gadou.fr\/wp-content\/uploads\/2025\/05\/Chasseur-de\u0301toiles-COVER-v2-3000x3000-1-300x300.png 300w, https:\/\/gadou.fr\/wp-content\/uploads\/2025\/05\/Chasseur-de\u0301toiles-COVER-v2-3000x3000-1-1024x1024.png 1024w, https:\/\/gadou.fr\/wp-content\/uploads\/2025\/05\/Chasseur-de\u0301toiles-COVER-v2-3000x3000-1-150x150.png 150w, https:\/\/gadou.fr\/wp-content\/uploads\/2025\/05\/Chasseur-de\u0301toiles-COVER-v2-3000x3000-1-768x768.png 768w, https:\/\/gadou.fr\/wp-content\/uploads\/2025\/05\/Chasseur-de\u0301toiles-COVER-v2-3000x3000-1-1536x1536.png 1536w, https:\/\/gadou.fr\/wp-content\/uploads\/2025\/05\/Chasseur-de\u0301toiles-COVER-v2-3000x3000-1-2048x2048.png 2048w, https:\/\/gadou.fr\/wp-content\/uploads\/2025\/05\/Chasseur-de\u0301toiles-COVER-v2-3000x3000-1-100x100.png 100w\" sizes=\"100vw\" \/>\t\t\t\t\t\t\t\t<\/a>\n\t\t\t\t\t\t\t\t\t\t\t\t\t\t\t<\/div>\n\t\t\t\t<\/div>\n\t\t\t\t\t<\/div>\n\t\t<\/div>\n\t\t\t\t\t<\/div>\n\t\t<\/section>\n\t\t\t\t<section class=\"elementor-section elementor-top-section elementor-element elementor-element-983be50 elementor-section-boxed elementor-section-height-default elementor-section-height-default\" data-id=\"983be50\" data-element_type=\"section\" data-e-type=\"section\">\n\t\t\t\t\t\t<div class=\"elementor-container elementor-column-gap-default\">\n\t\t\t\t\t<div class=\"elementor-column elementor-col-50 elementor-top-column elementor-element elementor-element-d07c656 elementor-invisible\" data-id=\"d07c656\" data-element_type=\"column\" data-e-type=\"column\" data-settings=\"{&quot;animation&quot;:&quot;fadeInLeft&quot;}\">\n\t\t\t<div class=\"elementor-widget-wrap elementor-element-populated\">\n\t\t\t\t\t\t<div class=\"elementor-element elementor-element-b0dd351 elementor-widget elementor-widget-image\" data-id=\"b0dd351\" data-element_type=\"widget\" data-e-type=\"widget\" data-widget_type=\"image.default\">\n\t\t\t\t<div class=\"elementor-widget-container\">\n\t\t\t\t\t\t\t\t\t\t\t\t\t\t\t\t<a href=\"https:\/\/lnkfi.re\/hvpkWWxb\">\n\t\t\t\t\t\t\t<img decoding=\"async\" width=\"2560\" height=\"2560\" src=\"https:\/\/gadou.fr\/wp-content\/uploads\/2025\/05\/Jolie-vie-COVER-3000x3000-V2-scaled.png\" class=\"attachment-full size-full wp-image-679\" alt=\"\" srcset=\"https:\/\/gadou.fr\/wp-content\/uploads\/2025\/05\/Jolie-vie-COVER-3000x3000-V2-scaled.png 2560w, https:\/\/gadou.fr\/wp-content\/uploads\/2025\/05\/Jolie-vie-COVER-3000x3000-V2-300x300.png 300w, https:\/\/gadou.fr\/wp-content\/uploads\/2025\/05\/Jolie-vie-COVER-3000x3000-V2-1024x1024.png 1024w, https:\/\/gadou.fr\/wp-content\/uploads\/2025\/05\/Jolie-vie-COVER-3000x3000-V2-150x150.png 150w, https:\/\/gadou.fr\/wp-content\/uploads\/2025\/05\/Jolie-vie-COVER-3000x3000-V2-768x768.png 768w, https:\/\/gadou.fr\/wp-content\/uploads\/2025\/05\/Jolie-vie-COVER-3000x3000-V2-1536x1536.png 1536w, https:\/\/gadou.fr\/wp-content\/uploads\/2025\/05\/Jolie-vie-COVER-3000x3000-V2-2048x2048.png 2048w, https:\/\/gadou.fr\/wp-content\/uploads\/2025\/05\/Jolie-vie-COVER-3000x3000-V2-100x100.png 100w\" sizes=\"100vw\" \/>\t\t\t\t\t\t\t\t<\/a>\n\t\t\t\t\t\t\t\t\t\t\t\t\t\t\t<\/div>\n\t\t\t\t<\/div>\n\t\t\t\t\t<\/div>\n\t\t<\/div>\n\t\t\t\t<div class=\"elementor-column elementor-col-50 elementor-top-column elementor-element elementor-element-050b9f6 elementor-invisible\" data-id=\"050b9f6\" data-element_type=\"column\" data-e-type=\"column\" data-settings=\"{&quot;animation&quot;:&quot;fadeInRight&quot;}\">\n\t\t\t<div class=\"elementor-widget-wrap elementor-element-populated\">\n\t\t\t\t\t\t<div class=\"elementor-element elementor-element-e375f8f elementor-invisible elementor-widget elementor-widget-text-editor\" data-id=\"e375f8f\" data-element_type=\"widget\" data-e-type=\"widget\" data-settings=\"{&quot;_animation&quot;:&quot;fadeInRight&quot;}\" data-widget_type=\"text-editor.default\">\n\t\t\t\t<div class=\"elementor-widget-container\">\n\t\t\t\t\t\t\t\t\t<p class=\"vlt-section-title__title\" style=\"font-size: 35px; text-align: center;\">Gadou<br \/>Jolie vie<\/p>\t\t\t\t\t\t\t\t<\/div>\n\t\t\t\t<\/div>\n\t\t\t\t<div class=\"elementor-element elementor-element-3dbddbb elementor-invisible elementor-widget elementor-widget-text-editor\" data-id=\"3dbddbb\" data-element_type=\"widget\" data-e-type=\"widget\" data-settings=\"{&quot;_animation&quot;:&quot;fadeInRight&quot;}\" data-widget_type=\"text-editor.default\">\n\t\t\t\t<div class=\"elementor-widget-container\">\n\t\t\t\t\t\t\t\t\t<p style=\"text-align: center;\">Retrouvez le troisi\u00e8me single de Gadou rempli de joie !<\/p>\t\t\t\t\t\t\t\t<\/div>\n\t\t\t\t<\/div>\n\t\t\t\t<div class=\"elementor-element elementor-element-ef523c6 elementor-invisible elementor-widget elementor-widget-text-editor\" data-id=\"ef523c6\" data-element_type=\"widget\" data-e-type=\"widget\" data-settings=\"{&quot;_animation&quot;:&quot;fadeInRight&quot;}\" data-widget_type=\"text-editor.default\">\n\t\t\t\t<div class=\"elementor-widget-container\">\n\t\t\t\t\t\t\t\t\t<p><strong>Production<\/strong><br \/>Mr Tan &amp; Co<\/p><p><strong>Date de sortie<\/strong><br \/>12 mai 2025<\/p><p><strong>UPC<br \/><\/strong>&#8212;<strong><br \/><\/strong><\/p>\t\t\t\t\t\t\t\t<\/div>\n\t\t\t\t<\/div>\n\t\t\t\t<div class=\"elementor-element elementor-element-fd11905 elementor-invisible elementor-widget elementor-widget-text-editor\" data-id=\"fd11905\" data-element_type=\"widget\" data-e-type=\"widget\" data-settings=\"{&quot;_animation&quot;:&quot;fadeInRight&quot;}\" data-widget_type=\"text-editor.default\">\n\t\t\t\t<div class=\"elementor-widget-container\">\n\t\t\t\t\t\t\t\t\t<p><strong>Paroles<\/strong><br \/>Mr Tan<\/p><p><strong>Illustration<\/strong><br \/>Mr Tan<\/p><p><strong>Musiques<\/strong><br \/>Vincent Blaviel<\/p>\t\t\t\t\t\t\t\t<\/div>\n\t\t\t\t<\/div>\n\t\t\t\t<div class=\"elementor-element elementor-element-8f40f13 elementor-invisible elementor-widget elementor-widget-text-editor\" data-id=\"8f40f13\" data-element_type=\"widget\" data-e-type=\"widget\" data-settings=\"{&quot;_animation&quot;:&quot;fadeInUp&quot;}\" data-widget_type=\"text-editor.default\">\n\t\t\t\t<div class=\"elementor-widget-container\">\n\t\t\t\t\t\t\t\t\t<p style=\"text-align: center;\"><strong><span style=\"color: #000000;\">Interpr\u00e8tes : Mr Tan<\/span><\/strong><\/p>\t\t\t\t\t\t\t\t<\/div>\n\t\t\t\t<\/div>\n\t\t\t\t<div class=\"elementor-element elementor-element-e9e3973 elementor-align-center elementor-invisible elementor-widget elementor-widget-button\" data-id=\"e9e3973\" data-element_type=\"widget\" data-e-type=\"widget\" data-settings=\"{&quot;_animation&quot;:&quot;fadeInUp&quot;}\" data-widget_type=\"button.default\">\n\t\t\t\t<div class=\"elementor-widget-container\">\n\t\t\t\t\t\t\t\t\t<div class=\"elementor-button-wrapper\">\n\t\t\t\t\t<a class=\"elementor-button elementor-button-link elementor-size-lg\" href=\"https:\/\/lnkfi.re\/hvpkWWxb\">\n\t\t\t\t\t\t<span class=\"elementor-button-content-wrapper\">\n\t\t\t\t\t\t<span class=\"elementor-button-icon\">\n\t\t\t\t<svg aria-hidden=\"true\" class=\"e-font-icon-svg e-fas-music\" viewBox=\"0 0 512 512\" xmlns=\"http:\/\/www.w3.org\/2000\/svg\"><path d=\"M470.38 1.51L150.41 96A32 32 0 0 0 128 126.51v261.41A139 139 0 0 0 96 384c-53 0-96 28.66-96 64s43 64 96 64 96-28.66 96-64V214.32l256-75v184.61a138.4 138.4 0 0 0-32-3.93c-53 0-96 28.66-96 64s43 64 96 64 96-28.65 96-64V32a32 32 0 0 0-41.62-30.49z\"><\/path><\/svg>\t\t\t<\/span>\n\t\t\t\t\t\t\t\t\t<span class=\"elementor-button-text\">Ecouter en streaming<\/span>\n\t\t\t\t\t<\/span>\n\t\t\t\t\t<\/a>\n\t\t\t\t<\/div>\n\t\t\t\t\t\t\t\t<\/div>\n\t\t\t\t<\/div>\n\t\t\t\t\t<\/div>\n\t\t<\/div>\n\t\t\t\t\t<\/div>\n\t\t<\/section>\n\t\t\t\t<\/div>\n\t\t","protected":false},"excerpt":{"rendered":"<p>GadouGo Go Juice ! Retrouvez le premier single de Gadou qui donne de l&rsquo;\u00e9nergie !!! ProductionMr Tan &amp; Co Date de sortie17 avril 2024 UPC&#8212; ParolesMr Tan IllustrationMr Tan MusiquesVincent Blaviel Interpr\u00e8tes : Mr Tan Ecouter en streaming GadouChasseur d&rsquo;\u00e9toiles Retrouvez le deuxi\u00e8me single de Gadou tout en douceur&#8230; ProductionMr Tan &amp; Co Date de &hellip; <\/p>\n<p class=\"link-more\"><a href=\"https:\/\/gadou.fr\/index.php\/ma-musique\/\" class=\"more-link\">Continuer la lecture<span class=\"screen-reader-text\"> de &laquo;&nbsp;Ma musique&nbsp;&raquo;<\/span><\/a><\/p>\n","protected":false},"author":1,"featured_media":0,"parent":0,"menu_order":0,"comment_status":"closed","ping_status":"closed","template":"","meta":{"footnotes":""},"class_list":["post-356","page","type-page","status-publish","hentry"],"_links":{"self":[{"href":"https:\/\/gadou.fr\/index.php\/wp-json\/wp\/v2\/pages\/356","targetHints":{"allow":["GET"]}}],"collection":[{"href":"https:\/\/gadou.fr\/index.php\/wp-json\/wp\/v2\/pages"}],"about":[{"href":"https:\/\/gadou.fr\/index.php\/wp-json\/wp\/v2\/types\/page"}],"author":[{"embeddable":true,"href":"https:\/\/gadou.fr\/index.php\/wp-json\/wp\/v2\/users\/1"}],"replies":[{"embeddable":true,"href":"https:\/\/gadou.fr\/index.php\/wp-json\/wp\/v2\/comments?post=356"}],"version-history":[{"count":37,"href":"https:\/\/gadou.fr\/index.php\/wp-json\/wp\/v2\/pages\/356\/revisions"}],"predecessor-version":[{"id":682,"href":"https:\/\/gadou.fr\/index.php\/wp-json\/wp\/v2\/pages\/356\/revisions\/682"}],"wp:attachment":[{"href":"https:\/\/gadou.fr\/index.php\/wp-json\/wp\/v2\/media?parent=356"}],"curies":[{"name":"wp","href":"https:\/\/api.w.org\/{rel}","templated":true}]}}