{"id":323,"date":"2024-06-14T13:16:30","date_gmt":"2024-06-14T11:16:30","guid":{"rendered":"https:\/\/site.gadou.fr\/?page_id=323"},"modified":"2025-08-01T07:48:35","modified_gmt":"2025-08-01T05:48:35","slug":"mes-apps","status":"publish","type":"page","link":"https:\/\/gadou.fr\/index.php\/mes-apps\/","title":{"rendered":"Mes Apps"},"content":{"rendered":"\t\t<div data-elementor-type=\"wp-page\" data-elementor-id=\"323\" class=\"elementor elementor-323\">\n\t\t\t\t\t\t<section class=\"elementor-section elementor-top-section elementor-element elementor-element-1314511 elementor-section-boxed elementor-section-height-default elementor-section-height-default\" data-id=\"1314511\" data-element_type=\"section\" data-e-type=\"section\">\n\t\t\t\t\t\t<div class=\"elementor-container elementor-column-gap-default\">\n\t\t\t\t\t<div class=\"elementor-column elementor-col-50 elementor-top-column elementor-element elementor-element-77b8034 elementor-invisible\" data-id=\"77b8034\" data-element_type=\"column\" data-e-type=\"column\" data-settings=\"{&quot;animation&quot;:&quot;fadeInLeft&quot;}\">\n\t\t\t<div class=\"elementor-widget-wrap elementor-element-populated\">\n\t\t\t\t\t\t<div class=\"elementor-element elementor-element-7d7f883 elementor-widget elementor-widget-image\" data-id=\"7d7f883\" data-element_type=\"widget\" data-e-type=\"widget\" data-widget_type=\"image.default\">\n\t\t\t\t<div class=\"elementor-widget-container\">\n\t\t\t\t\t\t\t\t\t\t\t\t\t\t\t<img fetchpriority=\"high\" decoding=\"async\" width=\"512\" height=\"512\" src=\"https:\/\/gadou.fr\/wp-content\/uploads\/2024\/06\/Gadou-Icone-512-arrondi.png\" class=\"attachment-full size-full wp-image-363\" alt=\"Application Jeu Mobile Gadou HOP\" srcset=\"https:\/\/gadou.fr\/wp-content\/uploads\/2024\/06\/Gadou-Icone-512-arrondi.png 512w, https:\/\/gadou.fr\/wp-content\/uploads\/2024\/06\/Gadou-Icone-512-arrondi-300x300.png 300w, https:\/\/gadou.fr\/wp-content\/uploads\/2024\/06\/Gadou-Icone-512-arrondi-150x150.png 150w, https:\/\/gadou.fr\/wp-content\/uploads\/2024\/06\/Gadou-Icone-512-arrondi-100x100.png 100w\" sizes=\"100vw\" \/>\t\t\t\t\t\t\t\t\t\t\t\t\t\t\t<\/div>\n\t\t\t\t<\/div>\n\t\t\t\t\t<\/div>\n\t\t<\/div>\n\t\t\t\t<div class=\"elementor-column elementor-col-50 elementor-top-column elementor-element elementor-element-e2e8f1d\" data-id=\"e2e8f1d\" data-element_type=\"column\" data-e-type=\"column\">\n\t\t\t<div class=\"elementor-widget-wrap elementor-element-populated\">\n\t\t\t\t\t\t<div class=\"elementor-element elementor-element-6f68bbe elementor-invisible elementor-widget elementor-widget-text-editor\" data-id=\"6f68bbe\" data-element_type=\"widget\" data-e-type=\"widget\" data-settings=\"{&quot;_animation&quot;:&quot;fadeInRight&quot;}\" data-widget_type=\"text-editor.default\">\n\t\t\t\t<div class=\"elementor-widget-container\">\n\t\t\t\t\t\t\t\t\t<p class=\"vlt-section-title__title\" style=\"font-size: 35px; text-align: center;\">Hop Gadou !<\/p>\t\t\t\t\t\t\t\t<\/div>\n\t\t\t\t<\/div>\n\t\t\t\t<div class=\"elementor-element elementor-element-18d4932 elementor-invisible elementor-widget elementor-widget-text-editor\" data-id=\"18d4932\" data-element_type=\"widget\" data-e-type=\"widget\" data-settings=\"{&quot;_animation&quot;:&quot;fadeInRight&quot;}\" data-widget_type=\"text-editor.default\">\n\t\t\t\t<div class=\"elementor-widget-container\">\n\t\t\t\t\t\t\t\t\t<p style=\"text-align: center;\"><strong>Retrouvez Gadou, le doudou dessin\u00e9 dans un petit jeu d&rsquo;arcade gratuit.<\/strong><\/p><p style=\"text-align: center;\">Le jeu est disponible sur mobile. Il s&rsquo;adresse \u00e0 tous les publics et permet de tester un peu vos r\u00e9flexes !!!<\/p><p style=\"text-align: center;\"><em>Disponible en Fran\u00e7ais, Anglais et m\u00eame Japonais.<\/em><\/p>\t\t\t\t\t\t\t\t<\/div>\n\t\t\t\t<\/div>\n\t\t\t\t<section class=\"elementor-section elementor-inner-section elementor-element elementor-element-b90b179 elementor-section-full_width elementor-section-height-default elementor-section-height-default elementor-invisible\" data-id=\"b90b179\" data-element_type=\"section\" data-e-type=\"section\" data-settings=\"{&quot;animation&quot;:&quot;fadeInUp&quot;}\">\n\t\t\t\t\t\t<div class=\"elementor-container elementor-column-gap-default\">\n\t\t\t\t\t<div class=\"elementor-column elementor-col-50 elementor-inner-column elementor-element elementor-element-89aff05\" data-id=\"89aff05\" data-element_type=\"column\" data-e-type=\"column\">\n\t\t\t<div class=\"elementor-widget-wrap elementor-element-populated\">\n\t\t\t\t\t\t<div class=\"elementor-element elementor-element-0c6e0e7 elementor-widget elementor-widget-text-editor\" data-id=\"0c6e0e7\" data-element_type=\"widget\" data-e-type=\"widget\" data-widget_type=\"text-editor.default\">\n\t\t\t\t<div class=\"elementor-widget-container\">\n\t\t\t\t\t\t\t\t\t<p style=\"text-align: center;\"><span style=\"color: #b398bd;\"><strong>Editeur<\/strong><\/span><br \/>Mr Tan &amp; Co<\/p>\t\t\t\t\t\t\t\t<\/div>\n\t\t\t\t<\/div>\n\t\t\t\t\t<\/div>\n\t\t<\/div>\n\t\t\t\t<div class=\"elementor-column elementor-col-50 elementor-inner-column elementor-element elementor-element-a0495a4\" data-id=\"a0495a4\" data-element_type=\"column\" data-e-type=\"column\">\n\t\t\t<div class=\"elementor-widget-wrap elementor-element-populated\">\n\t\t\t\t\t\t<div class=\"elementor-element elementor-element-8c253c4 elementor-widget elementor-widget-text-editor\" data-id=\"8c253c4\" data-element_type=\"widget\" data-e-type=\"widget\" data-widget_type=\"text-editor.default\">\n\t\t\t\t<div class=\"elementor-widget-container\">\n\t\t\t\t\t\t\t\t\t<p style=\"text-align: center;\"><span style=\"color: #b398bd;\"><strong>Date de sortie<\/strong><\/span><br \/>Avril 2024<\/p>\t\t\t\t\t\t\t\t<\/div>\n\t\t\t\t<\/div>\n\t\t\t\t\t<\/div>\n\t\t<\/div>\n\t\t\t\t\t<\/div>\n\t\t<\/section>\n\t\t\t\t<section class=\"elementor-section elementor-inner-section elementor-element elementor-element-47b908d elementor-section-full_width elementor-section-height-default elementor-section-height-default elementor-invisible\" data-id=\"47b908d\" data-element_type=\"section\" data-e-type=\"section\" data-settings=\"{&quot;animation&quot;:&quot;fadeInUp&quot;}\">\n\t\t\t\t\t\t<div class=\"elementor-container elementor-column-gap-default\">\n\t\t\t\t\t<div class=\"elementor-column elementor-col-50 elementor-inner-column elementor-element elementor-element-af9124c\" data-id=\"af9124c\" data-element_type=\"column\" data-e-type=\"column\">\n\t\t\t<div class=\"elementor-widget-wrap elementor-element-populated\">\n\t\t\t\t\t\t<div class=\"elementor-element elementor-element-1f63f9e elementor-widget elementor-widget-text-editor\" data-id=\"1f63f9e\" data-element_type=\"widget\" data-e-type=\"widget\" data-widget_type=\"text-editor.default\">\n\t\t\t\t<div class=\"elementor-widget-container\">\n\t\t\t\t\t\t\t\t\t<p style=\"text-align: center;\"><span style=\"font-variant-ligatures: normal; font-variant-caps: normal; font-family: Roboto, sans-serif; font-size: 16px; font-style: normal; font-weight: 600; color: #b398bd;\">Textes &amp; illustrations<\/span><br \/><strong><span style=\"font-family: Roboto, sans-serif; font-size: 16px; font-style: normal; font-variant-ligatures: normal; font-variant-caps: normal;\">Mr Tan<\/span><\/strong><\/p>\t\t\t\t\t\t\t\t<\/div>\n\t\t\t\t<\/div>\n\t\t\t\t\t<\/div>\n\t\t<\/div>\n\t\t\t\t<div class=\"elementor-column elementor-col-50 elementor-inner-column elementor-element elementor-element-a7a1b82\" data-id=\"a7a1b82\" data-element_type=\"column\" data-e-type=\"column\">\n\t\t\t<div class=\"elementor-widget-wrap elementor-element-populated\">\n\t\t\t\t\t\t<div class=\"elementor-element elementor-element-b89e940 elementor-widget elementor-widget-text-editor\" data-id=\"b89e940\" data-element_type=\"widget\" data-e-type=\"widget\" data-widget_type=\"text-editor.default\">\n\t\t\t\t<div class=\"elementor-widget-container\">\n\t\t\t\t\t\t\t\t\t<p style=\"text-align: center;\"><span style=\"font-variant-ligatures: normal; font-variant-caps: normal; font-family: Roboto, sans-serif; font-size: 16px; font-style: normal; font-weight: 600; color: #b398bd;\">D\u00e9veloppement<\/span><br \/><strong><span style=\"font-family: Roboto, sans-serif; font-size: 16px; font-style: normal; font-variant-ligatures: normal; font-variant-caps: normal;\">ChrisPop<\/span><\/strong><\/p>\t\t\t\t\t\t\t\t<\/div>\n\t\t\t\t<\/div>\n\t\t\t\t\t<\/div>\n\t\t<\/div>\n\t\t\t\t\t<\/div>\n\t\t<\/section>\n\t\t\t\t<section class=\"elementor-section elementor-inner-section elementor-element elementor-element-1aafe20 elementor-section-full_width elementor-section-height-default elementor-section-height-default elementor-invisible\" data-id=\"1aafe20\" data-element_type=\"section\" data-e-type=\"section\" data-settings=\"{&quot;animation&quot;:&quot;fadeInUp&quot;}\">\n\t\t\t\t\t\t<div class=\"elementor-container elementor-column-gap-default\">\n\t\t\t\t\t<div class=\"elementor-column elementor-col-50 elementor-inner-column elementor-element elementor-element-b23c162\" data-id=\"b23c162\" data-element_type=\"column\" data-e-type=\"column\">\n\t\t\t<div class=\"elementor-widget-wrap elementor-element-populated\">\n\t\t\t\t\t\t<div class=\"elementor-element elementor-element-71a101b elementor-widget elementor-widget-text-editor\" data-id=\"71a101b\" data-element_type=\"widget\" data-e-type=\"widget\" data-widget_type=\"text-editor.default\">\n\t\t\t\t<div class=\"elementor-widget-container\">\n\t\t\t\t\t\t\t\t\t<p style=\"text-align: center;\"><span style=\"font-variant-ligatures: normal; font-variant-caps: normal; font-family: Roboto, sans-serif; font-size: 16px; font-style: normal; font-weight: 600; color: #b398bd;\">Plateforme<\/span><br \/><strong><span style=\"font-family: Roboto, sans-serif; font-size: 16px; font-style: normal; font-variant-ligatures: normal; font-variant-caps: normal;\">Andro\u00efd &#8211; iOS<\/span><\/strong><\/p>\t\t\t\t\t\t\t\t<\/div>\n\t\t\t\t<\/div>\n\t\t\t\t\t<\/div>\n\t\t<\/div>\n\t\t\t\t<div class=\"elementor-column elementor-col-50 elementor-inner-column elementor-element elementor-element-89b8969\" data-id=\"89b8969\" data-element_type=\"column\" data-e-type=\"column\">\n\t\t\t<div class=\"elementor-widget-wrap elementor-element-populated\">\n\t\t\t\t\t\t<div class=\"elementor-element elementor-element-97d0bad elementor-widget elementor-widget-text-editor\" data-id=\"97d0bad\" data-element_type=\"widget\" data-e-type=\"widget\" data-widget_type=\"text-editor.default\">\n\t\t\t\t<div class=\"elementor-widget-container\">\n\t\t\t\t\t\t\t\t\t<p style=\"text-align: center;\"><span style=\"font-variant-ligatures: normal; font-variant-caps: normal; font-family: Roboto, sans-serif; font-size: 16px; font-style: normal; font-weight: 600; color: #b398bd;\">Prix<\/span><br \/><strong><span style=\"font-family: Roboto, sans-serif; font-size: 16px; font-style: normal; font-variant-ligatures: normal; font-variant-caps: normal;\">GRATUIT \u00e0 100%<\/span><\/strong><\/p>\t\t\t\t\t\t\t\t<\/div>\n\t\t\t\t<\/div>\n\t\t\t\t\t<\/div>\n\t\t<\/div>\n\t\t\t\t\t<\/div>\n\t\t<\/section>\n\t\t\t\t<section class=\"elementor-section elementor-inner-section elementor-element elementor-element-d8f3538 elementor-section-full_width elementor-section-height-default elementor-section-height-default elementor-invisible\" data-id=\"d8f3538\" data-element_type=\"section\" data-e-type=\"section\" data-settings=\"{&quot;animation&quot;:&quot;fadeInUp&quot;}\">\n\t\t\t\t\t\t<div class=\"elementor-container elementor-column-gap-default\">\n\t\t\t\t\t<div class=\"elementor-column elementor-col-50 elementor-inner-column elementor-element elementor-element-22a438d\" data-id=\"22a438d\" data-element_type=\"column\" data-e-type=\"column\">\n\t\t\t<div class=\"elementor-widget-wrap elementor-element-populated\">\n\t\t\t\t\t\t<div class=\"elementor-element elementor-element-92b04ad elementor-widget elementor-widget-image\" data-id=\"92b04ad\" data-element_type=\"widget\" data-e-type=\"widget\" data-widget_type=\"image.default\">\n\t\t\t\t<div class=\"elementor-widget-container\">\n\t\t\t\t\t\t\t\t\t\t\t\t\t\t\t\t<a href=\"https:\/\/apps.apple.com\/ci\/app\/hop-gadou\/id6478422406\">\n\t\t\t\t\t\t\t<img decoding=\"async\" width=\"335\" height=\"99\" src=\"https:\/\/gadou.fr\/wp-content\/uploads\/2024\/06\/appstore.png\" class=\"attachment-large size-large wp-image-364\" alt=\"\" srcset=\"https:\/\/gadou.fr\/wp-content\/uploads\/2024\/06\/appstore.png 335w, https:\/\/gadou.fr\/wp-content\/uploads\/2024\/06\/appstore-300x89.png 300w\" sizes=\"100vw\" \/>\t\t\t\t\t\t\t\t<\/a>\n\t\t\t\t\t\t\t\t\t\t\t\t\t\t\t<\/div>\n\t\t\t\t<\/div>\n\t\t\t\t\t<\/div>\n\t\t<\/div>\n\t\t\t\t<div class=\"elementor-column elementor-col-50 elementor-inner-column elementor-element elementor-element-c56c80e\" data-id=\"c56c80e\" data-element_type=\"column\" data-e-type=\"column\">\n\t\t\t<div class=\"elementor-widget-wrap elementor-element-populated\">\n\t\t\t\t\t\t<div class=\"elementor-element elementor-element-1cd07e9 elementor-widget elementor-widget-image\" data-id=\"1cd07e9\" data-element_type=\"widget\" data-e-type=\"widget\" data-widget_type=\"image.default\">\n\t\t\t\t<div class=\"elementor-widget-container\">\n\t\t\t\t\t\t\t\t\t\t\t\t\t\t\t\t<a href=\"https:\/\/play.google.com\/store\/apps\/details?id=com.mrtanandco.gadou.flying\">\n\t\t\t\t\t\t\t<img decoding=\"async\" width=\"646\" height=\"250\" src=\"https:\/\/gadou.fr\/wp-content\/uploads\/2024\/06\/google-play-badge.png\" class=\"attachment-large size-large wp-image-365\" alt=\"\" srcset=\"https:\/\/gadou.fr\/wp-content\/uploads\/2024\/06\/google-play-badge.png 646w, https:\/\/gadou.fr\/wp-content\/uploads\/2024\/06\/google-play-badge-300x116.png 300w\" sizes=\"100vw\" \/>\t\t\t\t\t\t\t\t<\/a>\n\t\t\t\t\t\t\t\t\t\t\t\t\t\t\t<\/div>\n\t\t\t\t<\/div>\n\t\t\t\t\t<\/div>\n\t\t<\/div>\n\t\t\t\t\t<\/div>\n\t\t<\/section>\n\t\t\t\t<div class=\"elementor-element elementor-element-6eb3498 elementor-align-center elementor-invisible elementor-widget elementor-widget-button\" data-id=\"6eb3498\" data-element_type=\"widget\" data-e-type=\"widget\" data-settings=\"{&quot;_animation&quot;:&quot;fadeInUp&quot;}\" data-widget_type=\"button.default\">\n\t\t\t\t<div class=\"elementor-widget-container\">\n\t\t\t\t\t\t\t\t\t<div class=\"elementor-button-wrapper\">\n\t\t\t\t\t<a class=\"elementor-button elementor-button-link elementor-size-sm\" href=\"https:\/\/www.mrtanandco.fr\/index.php\/conditions-generales-dutilisation-et-politique-de-confidentialite-hop-gadou\/#\">\n\t\t\t\t\t\t<span class=\"elementor-button-content-wrapper\">\n\t\t\t\t\t\t\t\t\t<span class=\"elementor-button-text\">Condition g\u00e9n\u00e9rale d'utilisation et politique de confidentialit\u00e9<\/span>\n\t\t\t\t\t<\/span>\n\t\t\t\t\t<\/a>\n\t\t\t\t<\/div>\n\t\t\t\t\t\t\t\t<\/div>\n\t\t\t\t<\/div>\n\t\t\t\t\t<\/div>\n\t\t<\/div>\n\t\t\t\t\t<\/div>\n\t\t<\/section>\n\t\t<div class=\"elementor-element elementor-element-94e6b30 e-flex e-con-boxed e-con e-parent\" data-id=\"94e6b30\" data-element_type=\"container\" data-e-type=\"container\">\n\t\t\t\t\t<div class=\"e-con-inner\">\n\t\t\t\t<div class=\"elementor-element elementor-element-714cf7e elementor-widget elementor-widget-image\" data-id=\"714cf7e\" data-element_type=\"widget\" data-e-type=\"widget\" data-widget_type=\"image.default\">\n\t\t\t\t<div class=\"elementor-widget-container\">\n\t\t\t\t\t\t\t\t\t\t\t\t\t\t\t<img loading=\"lazy\" decoding=\"async\" width=\"1423\" height=\"1042\" src=\"https:\/\/gadou.fr\/wp-content\/uploads\/2024\/06\/App-1.png\" class=\"attachment-full size-full wp-image-329\" alt=\"Application Stickers de Gadou\" srcset=\"https:\/\/gadou.fr\/wp-content\/uploads\/2024\/06\/App-1.png 1423w, https:\/\/gadou.fr\/wp-content\/uploads\/2024\/06\/App-1-300x220.png 300w, https:\/\/gadou.fr\/wp-content\/uploads\/2024\/06\/App-1-1024x750.png 1024w, https:\/\/gadou.fr\/wp-content\/uploads\/2024\/06\/App-1-768x562.png 768w\" sizes=\"100vw\" \/>\t\t\t\t\t\t\t\t\t\t\t\t\t\t\t<\/div>\n\t\t\t\t<\/div>\n\t\t\t\t\t<\/div>\n\t\t\t\t<\/div>\n\t\t<div class=\"elementor-element elementor-element-d820f50 e-grid e-con-boxed e-con e-parent\" data-id=\"d820f50\" data-element_type=\"container\" data-e-type=\"container\">\n\t\t\t\t\t<div class=\"e-con-inner\">\n\t\t\t\t<div class=\"elementor-element elementor-element-46c73f8 elementor-invisible elementor-widget elementor-widget-image\" data-id=\"46c73f8\" data-element_type=\"widget\" data-e-type=\"widget\" data-settings=\"{&quot;_animation&quot;:&quot;fadeInLeft&quot;}\" data-widget_type=\"image.default\">\n\t\t\t\t<div class=\"elementor-widget-container\">\n\t\t\t\t\t\t\t\t\t\t\t\t\t\t\t\t<a href=\"https:\/\/apps.apple.com\/us\/app\/les-stickers-de-gadou\/id1663034678\">\n\t\t\t\t\t\t\t<img loading=\"lazy\" decoding=\"async\" width=\"335\" height=\"99\" src=\"https:\/\/gadou.fr\/wp-content\/uploads\/2024\/06\/Apple.png\" class=\"attachment-full size-full wp-image-331\" alt=\"\" srcset=\"https:\/\/gadou.fr\/wp-content\/uploads\/2024\/06\/Apple.png 335w, https:\/\/gadou.fr\/wp-content\/uploads\/2024\/06\/Apple-300x89.png 300w\" sizes=\"100vw\" \/>\t\t\t\t\t\t\t\t<\/a>\n\t\t\t\t\t\t\t\t\t\t\t\t\t\t\t<\/div>\n\t\t\t\t<\/div>\n\t\t\t\t<div class=\"elementor-element elementor-element-1198491 elementor-invisible elementor-widget elementor-widget-image\" data-id=\"1198491\" data-element_type=\"widget\" data-e-type=\"widget\" data-settings=\"{&quot;_animation&quot;:&quot;fadeInRight&quot;}\" data-widget_type=\"image.default\">\n\t\t\t\t<div class=\"elementor-widget-container\">\n\t\t\t\t\t\t\t\t\t\t\t\t\t\t\t\t<a href=\"https:\/\/play.google.com\/store\/apps\/details?id=com.mrtanandco.gadou.stickers\">\n\t\t\t\t\t\t\t<img loading=\"lazy\" decoding=\"async\" width=\"335\" height=\"120\" src=\"https:\/\/gadou.fr\/wp-content\/uploads\/2024\/06\/Google-1.png\" class=\"attachment-full size-full wp-image-333\" alt=\"\" srcset=\"https:\/\/gadou.fr\/wp-content\/uploads\/2024\/06\/Google-1.png 335w, https:\/\/gadou.fr\/wp-content\/uploads\/2024\/06\/Google-1-300x107.png 300w\" sizes=\"100vw\" \/>\t\t\t\t\t\t\t\t<\/a>\n\t\t\t\t\t\t\t\t\t\t\t\t\t\t\t<\/div>\n\t\t\t\t<\/div>\n\t\t\t\t\t<\/div>\n\t\t\t\t<\/div>\n\t\t\t\t<\/div>\n\t\t","protected":false},"excerpt":{"rendered":"<p>Hop Gadou ! Retrouvez Gadou, le doudou dessin\u00e9 dans un petit jeu d&rsquo;arcade gratuit. Le jeu est disponible sur mobile. Il s&rsquo;adresse \u00e0 tous les publics et permet de tester un peu vos r\u00e9flexes !!! Disponible en Fran\u00e7ais, Anglais et m\u00eame Japonais. EditeurMr Tan &amp; Co Date de sortieAvril 2024 Textes &amp; illustrationsMr Tan D\u00e9veloppementChrisPop &hellip; <\/p>\n<p class=\"link-more\"><a href=\"https:\/\/gadou.fr\/index.php\/mes-apps\/\" class=\"more-link\">Continuer la lecture<span class=\"screen-reader-text\"> de &laquo;&nbsp;Mes Apps&nbsp;&raquo;<\/span><\/a><\/p>\n","protected":false},"author":1,"featured_media":0,"parent":0,"menu_order":0,"comment_status":"closed","ping_status":"closed","template":"","meta":{"footnotes":""},"class_list":["post-323","page","type-page","status-publish","hentry"],"_links":{"self":[{"href":"https:\/\/gadou.fr\/index.php\/wp-json\/wp\/v2\/pages\/323","targetHints":{"allow":["GET"]}}],"collection":[{"href":"https:\/\/gadou.fr\/index.php\/wp-json\/wp\/v2\/pages"}],"about":[{"href":"https:\/\/gadou.fr\/index.php\/wp-json\/wp\/v2\/types\/page"}],"author":[{"embeddable":true,"href":"https:\/\/gadou.fr\/index.php\/wp-json\/wp\/v2\/users\/1"}],"replies":[{"embeddable":true,"href":"https:\/\/gadou.fr\/index.php\/wp-json\/wp\/v2\/comments?post=323"}],"version-history":[{"count":40,"href":"https:\/\/gadou.fr\/index.php\/wp-json\/wp\/v2\/pages\/323\/revisions"}],"predecessor-version":[{"id":697,"href":"https:\/\/gadou.fr\/index.php\/wp-json\/wp\/v2\/pages\/323\/revisions\/697"}],"wp:attachment":[{"href":"https:\/\/gadou.fr\/index.php\/wp-json\/wp\/v2\/media?parent=323"}],"curies":[{"name":"wp","href":"https:\/\/api.w.org\/{rel}","templated":true}]}}