{"id":12,"date":"2024-06-13T11:40:20","date_gmt":"2024-06-13T09:40:20","guid":{"rendered":"https:\/\/site.gadou.fr\/?page_id=12"},"modified":"2025-05-03T09:16:45","modified_gmt":"2025-05-03T07:16:45","slug":"accueil","status":"publish","type":"page","link":"https:\/\/gadou.fr\/","title":{"rendered":"Accueil"},"content":{"rendered":"\t\t<div data-elementor-type=\"wp-page\" data-elementor-id=\"12\" class=\"elementor elementor-12\">\n\t\t\t\t<div class=\"elementor-element elementor-element-bf08c86 e-flex e-con-boxed e-con e-parent\" data-id=\"bf08c86\" data-element_type=\"container\" data-e-type=\"container\">\n\t\t\t\t\t<div class=\"e-con-inner\">\n\t\t<div class=\"elementor-element elementor-element-3c5fc94 e-con-full e-flex e-con e-child\" data-id=\"3c5fc94\" data-element_type=\"container\" data-e-type=\"container\">\n\t\t\t\t<div class=\"elementor-element elementor-element-19e7223 elementor-invisible elementor-widget elementor-widget-image\" data-id=\"19e7223\" data-element_type=\"widget\" data-e-type=\"widget\" data-settings=\"{&quot;_animation&quot;:&quot;fadeIn&quot;}\" data-widget_type=\"image.default\">\n\t\t\t\t<div class=\"elementor-widget-container\">\n\t\t\t\t\t\t\t\t\t\t\t\t\t\t\t<img fetchpriority=\"high\" decoding=\"async\" width=\"1423\" height=\"705\" src=\"https:\/\/gadou.fr\/wp-content\/uploads\/2024\/06\/Accueil-0.png\" class=\"attachment-full size-full wp-image-117\" alt=\"Bienvenue dans le monde de Gadou\" srcset=\"https:\/\/gadou.fr\/wp-content\/uploads\/2024\/06\/Accueil-0.png 1423w, https:\/\/gadou.fr\/wp-content\/uploads\/2024\/06\/Accueil-0-300x149.png 300w, https:\/\/gadou.fr\/wp-content\/uploads\/2024\/06\/Accueil-0-1024x507.png 1024w, https:\/\/gadou.fr\/wp-content\/uploads\/2024\/06\/Accueil-0-768x380.png 768w\" sizes=\"100vw\" \/>\t\t\t\t\t\t\t\t\t\t\t\t\t\t\t<\/div>\n\t\t\t\t<\/div>\n\t\t\t\t<div class=\"elementor-element elementor-element-999064e elementor-invisible elementor-widget elementor-widget-image\" data-id=\"999064e\" data-element_type=\"widget\" data-e-type=\"widget\" data-settings=\"{&quot;_animation&quot;:&quot;fadeInUp&quot;}\" data-widget_type=\"image.default\">\n\t\t\t\t<div class=\"elementor-widget-container\">\n\t\t\t\t\t\t\t\t\t\t\t\t\t\t\t<img decoding=\"async\" width=\"1423\" height=\"410\" src=\"https:\/\/gadou.fr\/wp-content\/uploads\/2024\/06\/Accueil-1.png\" class=\"attachment-full size-full wp-image-121\" alt=\"Gadou le panda dessin\u00e9 par Mr Tan\" srcset=\"https:\/\/gadou.fr\/wp-content\/uploads\/2024\/06\/Accueil-1.png 1423w, https:\/\/gadou.fr\/wp-content\/uploads\/2024\/06\/Accueil-1-300x86.png 300w, https:\/\/gadou.fr\/wp-content\/uploads\/2024\/06\/Accueil-1-1024x295.png 1024w, https:\/\/gadou.fr\/wp-content\/uploads\/2024\/06\/Accueil-1-768x221.png 768w\" sizes=\"100vw\" \/>\t\t\t\t\t\t\t\t\t\t\t\t\t\t\t<\/div>\n\t\t\t\t<\/div>\n\t\t\t\t<\/div>\n\t\t\t\t\t<\/div>\n\t\t\t\t<\/div>\n\t\t<div class=\"elementor-element elementor-element-d25d3e7 e-flex e-con-boxed e-con e-parent\" data-id=\"d25d3e7\" data-element_type=\"container\" data-e-type=\"container\">\n\t\t\t\t\t<div class=\"e-con-inner\">\n\t\t<div class=\"elementor-element elementor-element-2293443 e-grid e-con-full e-con e-child\" data-id=\"2293443\" data-element_type=\"container\" data-e-type=\"container\">\n\t\t\t\t<div class=\"elementor-element elementor-element-6352717 animated-slow elementor-invisible elementor-widget elementor-widget-image\" data-id=\"6352717\" data-element_type=\"widget\" data-e-type=\"widget\" data-settings=\"{&quot;_animation&quot;:&quot;fadeInLeft&quot;}\" data-widget_type=\"image.default\">\n\t\t\t\t<div class=\"elementor-widget-container\">\n\t\t\t\t\t\t\t\t\t\t\t\t\t\t\t<img decoding=\"async\" width=\"670\" height=\"782\" src=\"https:\/\/gadou.fr\/wp-content\/uploads\/2024\/06\/Accueil-2a.png\" class=\"attachment-full size-full wp-image-125\" alt=\"C&#039;est moi Gadou le panda dessin\u00e9 par Mr Tan\" srcset=\"https:\/\/gadou.fr\/wp-content\/uploads\/2024\/06\/Accueil-2a.png 670w, https:\/\/gadou.fr\/wp-content\/uploads\/2024\/06\/Accueil-2a-257x300.png 257w\" sizes=\"100vw\" \/>\t\t\t\t\t\t\t\t\t\t\t\t\t\t\t<\/div>\n\t\t\t\t<\/div>\n\t\t\t\t<div class=\"elementor-element elementor-element-88d6dd9 animated-slow e-transform elementor-invisible elementor-widget elementor-widget-image\" data-id=\"88d6dd9\" data-element_type=\"widget\" data-e-type=\"widget\" data-settings=\"{&quot;_animation&quot;:&quot;fadeInRight&quot;,&quot;_transform_rotateZ_effect_hover&quot;:{&quot;unit&quot;:&quot;px&quot;,&quot;size&quot;:9,&quot;sizes&quot;:[]},&quot;_transform_rotateZ_effect_hover_tablet&quot;:{&quot;unit&quot;:&quot;deg&quot;,&quot;size&quot;:&quot;&quot;,&quot;sizes&quot;:[]},&quot;_transform_rotateZ_effect_hover_mobile&quot;:{&quot;unit&quot;:&quot;deg&quot;,&quot;size&quot;:&quot;&quot;,&quot;sizes&quot;:[]}}\" data-widget_type=\"image.default\">\n\t\t\t\t<div class=\"elementor-widget-container\">\n\t\t\t\t\t\t\t\t\t\t\t\t\t\t\t<img loading=\"lazy\" decoding=\"async\" width=\"670\" height=\"782\" src=\"https:\/\/gadou.fr\/wp-content\/uploads\/2024\/06\/Accueil-2b.png\" class=\"attachment-full size-full wp-image-126\" alt=\"C&#039;est moi Gadou\" srcset=\"https:\/\/gadou.fr\/wp-content\/uploads\/2024\/06\/Accueil-2b.png 670w, https:\/\/gadou.fr\/wp-content\/uploads\/2024\/06\/Accueil-2b-257x300.png 257w\" sizes=\"100vw\" \/>\t\t\t\t\t\t\t\t\t\t\t\t\t\t\t<\/div>\n\t\t\t\t<\/div>\n\t\t\t\t<\/div>\n\t\t\t\t\t<\/div>\n\t\t\t\t<\/div>\n\t\t<div class=\"elementor-element elementor-element-1737d45 e-grid e-con-boxed e-con e-parent\" data-id=\"1737d45\" data-element_type=\"container\" data-e-type=\"container\">\n\t\t\t\t\t<div class=\"e-con-inner\">\n\t\t<div class=\"elementor-element elementor-element-ac10da3 e-grid e-con-full e-con e-child\" data-id=\"ac10da3\" data-element_type=\"container\" data-e-type=\"container\">\n\t\t\t\t<div class=\"elementor-element elementor-element-9039aeb e-transform elementor-invisible elementor-widget elementor-widget-image\" data-id=\"9039aeb\" data-element_type=\"widget\" data-e-type=\"widget\" data-settings=\"{&quot;_animation&quot;:&quot;fadeInLeft&quot;,&quot;_transform_rotateZ_effect_hover&quot;:{&quot;unit&quot;:&quot;px&quot;,&quot;size&quot;:10,&quot;sizes&quot;:[]},&quot;_transform_rotateZ_effect_hover_tablet&quot;:{&quot;unit&quot;:&quot;deg&quot;,&quot;size&quot;:&quot;&quot;,&quot;sizes&quot;:[]},&quot;_transform_rotateZ_effect_hover_mobile&quot;:{&quot;unit&quot;:&quot;deg&quot;,&quot;size&quot;:&quot;&quot;,&quot;sizes&quot;:[]}}\" data-widget_type=\"image.default\">\n\t\t\t\t<div class=\"elementor-widget-container\">\n\t\t\t\t\t\t\t\t\t\t\t\t\t\t\t<img loading=\"lazy\" decoding=\"async\" width=\"640\" height=\"618\" src=\"https:\/\/gadou.fr\/wp-content\/uploads\/2024\/06\/Accueil-3a-e1718295277547.png\" class=\"attachment-full size-full wp-image-149\" alt=\"Kamaro\" srcset=\"https:\/\/gadou.fr\/wp-content\/uploads\/2024\/06\/Accueil-3a-e1718295277547.png 640w, https:\/\/gadou.fr\/wp-content\/uploads\/2024\/06\/Accueil-3a-e1718295277547-300x290.png 300w\" sizes=\"100vw\" \/>\t\t\t\t\t\t\t\t\t\t\t\t\t\t\t<\/div>\n\t\t\t\t<\/div>\n\t\t\t\t<div class=\"elementor-element elementor-element-f559c79 elementor-invisible elementor-widget elementor-widget-image\" data-id=\"f559c79\" data-element_type=\"widget\" data-e-type=\"widget\" data-settings=\"{&quot;_animation&quot;:&quot;fadeInUp&quot;}\" data-widget_type=\"image.default\">\n\t\t\t\t<div class=\"elementor-widget-container\">\n\t\t\t\t\t\t\t\t\t\t\t\t\t\t\t<img loading=\"lazy\" decoding=\"async\" width=\"781\" height=\"309\" src=\"https:\/\/gadou.fr\/wp-content\/uploads\/2024\/06\/Accueil-3b-e1718295312273.png\" class=\"attachment-full size-full wp-image-150\" alt=\"Kamaro c&#039;est la peluche de Gadou\" srcset=\"https:\/\/gadou.fr\/wp-content\/uploads\/2024\/06\/Accueil-3b-e1718295312273.png 781w, https:\/\/gadou.fr\/wp-content\/uploads\/2024\/06\/Accueil-3b-e1718295312273-300x119.png 300w, https:\/\/gadou.fr\/wp-content\/uploads\/2024\/06\/Accueil-3b-e1718295312273-768x304.png 768w\" sizes=\"100vw\" \/>\t\t\t\t\t\t\t\t\t\t\t\t\t\t\t<\/div>\n\t\t\t\t<\/div>\n\t\t\t\t<\/div>\n\t\t<div class=\"elementor-element elementor-element-4cfb528 e-grid e-con-full e-con e-child\" data-id=\"4cfb528\" data-element_type=\"container\" data-e-type=\"container\">\n\t\t\t\t<div class=\"elementor-element elementor-element-694c983 elementor-invisible elementor-widget elementor-widget-image\" data-id=\"694c983\" data-element_type=\"widget\" data-e-type=\"widget\" data-settings=\"{&quot;_animation&quot;:&quot;fadeInUp&quot;}\" data-widget_type=\"image.default\">\n\t\t\t\t<div class=\"elementor-widget-container\">\n\t\t\t\t\t\t\t\t\t\t\t\t\t\t\t<img loading=\"lazy\" decoding=\"async\" width=\"782\" height=\"675\" src=\"https:\/\/gadou.fr\/wp-content\/uploads\/2024\/06\/Accueil-4A-e1718295362980.png\" class=\"attachment-full size-full wp-image-151\" alt=\"Snow le Chat de Gadou\" srcset=\"https:\/\/gadou.fr\/wp-content\/uploads\/2024\/06\/Accueil-4A-e1718295362980.png 782w, https:\/\/gadou.fr\/wp-content\/uploads\/2024\/06\/Accueil-4A-e1718295362980-300x259.png 300w, https:\/\/gadou.fr\/wp-content\/uploads\/2024\/06\/Accueil-4A-e1718295362980-768x663.png 768w\" sizes=\"100vw\" \/>\t\t\t\t\t\t\t\t\t\t\t\t\t\t\t<\/div>\n\t\t\t\t<\/div>\n\t\t\t\t<div class=\"elementor-element elementor-element-149f8a6 e-transform elementor-invisible elementor-widget elementor-widget-image\" data-id=\"149f8a6\" data-element_type=\"widget\" data-e-type=\"widget\" data-settings=\"{&quot;_animation&quot;:&quot;fadeInRight&quot;,&quot;_transform_rotateZ_effect_hover&quot;:{&quot;unit&quot;:&quot;px&quot;,&quot;size&quot;:-10,&quot;sizes&quot;:[]},&quot;_transform_rotateZ_effect_hover_tablet&quot;:{&quot;unit&quot;:&quot;deg&quot;,&quot;size&quot;:&quot;&quot;,&quot;sizes&quot;:[]},&quot;_transform_rotateZ_effect_hover_mobile&quot;:{&quot;unit&quot;:&quot;deg&quot;,&quot;size&quot;:&quot;&quot;,&quot;sizes&quot;:[]}}\" data-widget_type=\"image.default\">\n\t\t\t\t<div class=\"elementor-widget-container\">\n\t\t\t\t\t\t\t\t\t\t\t\t\t\t\t<img loading=\"lazy\" decoding=\"async\" width=\"640\" height=\"748\" src=\"https:\/\/gadou.fr\/wp-content\/uploads\/2024\/06\/Accueil-4b-e1718295342667.png\" class=\"attachment-full size-full wp-image-152\" alt=\"Snow\" srcset=\"https:\/\/gadou.fr\/wp-content\/uploads\/2024\/06\/Accueil-4b-e1718295342667.png 640w, https:\/\/gadou.fr\/wp-content\/uploads\/2024\/06\/Accueil-4b-e1718295342667-257x300.png 257w\" sizes=\"100vw\" \/>\t\t\t\t\t\t\t\t\t\t\t\t\t\t\t<\/div>\n\t\t\t\t<\/div>\n\t\t\t\t<\/div>\n\t\t\t\t\t<\/div>\n\t\t\t\t<\/div>\n\t\t<div class=\"elementor-element elementor-element-9c7dab2 e-grid e-con-full e-con e-parent\" data-id=\"9c7dab2\" data-element_type=\"container\" data-e-type=\"container\">\n\t\t\t\t<div class=\"elementor-element elementor-element-1fa796f e-transform elementor-invisible elementor-widget elementor-widget-image\" data-id=\"1fa796f\" data-element_type=\"widget\" data-e-type=\"widget\" data-settings=\"{&quot;_animation&quot;:&quot;fadeInUp&quot;,&quot;_transform_translateX_effect_hover&quot;:{&quot;unit&quot;:&quot;px&quot;,&quot;size&quot;:0,&quot;sizes&quot;:[]},&quot;_transform_translateY_effect_hover&quot;:{&quot;unit&quot;:&quot;px&quot;,&quot;size&quot;:-20,&quot;sizes&quot;:[]},&quot;_transform_translateX_effect_hover_tablet&quot;:{&quot;unit&quot;:&quot;px&quot;,&quot;size&quot;:&quot;&quot;,&quot;sizes&quot;:[]},&quot;_transform_translateX_effect_hover_mobile&quot;:{&quot;unit&quot;:&quot;px&quot;,&quot;size&quot;:&quot;&quot;,&quot;sizes&quot;:[]},&quot;_transform_translateY_effect_hover_tablet&quot;:{&quot;unit&quot;:&quot;px&quot;,&quot;size&quot;:&quot;&quot;,&quot;sizes&quot;:[]},&quot;_transform_translateY_effect_hover_mobile&quot;:{&quot;unit&quot;:&quot;px&quot;,&quot;size&quot;:&quot;&quot;,&quot;sizes&quot;:[]}}\" data-widget_type=\"image.default\">\n\t\t\t\t<div class=\"elementor-widget-container\">\n\t\t\t\t\t\t\t\t\t\t\t\t\t\t\t<img loading=\"lazy\" decoding=\"async\" width=\"740\" height=\"692\" src=\"https:\/\/gadou.fr\/wp-content\/uploads\/2024\/06\/Accueil-5a.png\" class=\"attachment-full size-full wp-image-160\" alt=\"Les go\u00fbts de Gadou\" srcset=\"https:\/\/gadou.fr\/wp-content\/uploads\/2024\/06\/Accueil-5a.png 740w, https:\/\/gadou.fr\/wp-content\/uploads\/2024\/06\/Accueil-5a-300x281.png 300w\" sizes=\"100vw\" \/>\t\t\t\t\t\t\t\t\t\t\t\t\t\t\t<\/div>\n\t\t\t\t<\/div>\n\t\t\t\t<div class=\"elementor-element elementor-element-16bba1b elementor-invisible elementor-widget elementor-widget-image\" data-id=\"16bba1b\" data-element_type=\"widget\" data-e-type=\"widget\" data-settings=\"{&quot;_animation&quot;:&quot;fadeInUp&quot;}\" data-widget_type=\"image.default\">\n\t\t\t\t<div class=\"elementor-widget-container\">\n\t\t\t\t\t\t\t\t\t\t\t\t\t\t\t<img loading=\"lazy\" decoding=\"async\" width=\"683\" height=\"692\" src=\"https:\/\/gadou.fr\/wp-content\/uploads\/2024\/06\/Accueil-5b.png\" class=\"attachment-full size-full wp-image-161\" alt=\"Le plat pr\u00e9f\u00e9r\u00e9 de Gadou\" srcset=\"https:\/\/gadou.fr\/wp-content\/uploads\/2024\/06\/Accueil-5b.png 683w, https:\/\/gadou.fr\/wp-content\/uploads\/2024\/06\/Accueil-5b-296x300.png 296w, https:\/\/gadou.fr\/wp-content\/uploads\/2024\/06\/Accueil-5b-100x100.png 100w\" sizes=\"100vw\" \/>\t\t\t\t\t\t\t\t\t\t\t\t\t\t\t<\/div>\n\t\t\t\t<\/div>\n\t\t\t\t<\/div>\n\t\t<div class=\"elementor-element elementor-element-ed550e6 e-grid e-con-boxed e-con e-parent\" data-id=\"ed550e6\" data-element_type=\"container\" data-e-type=\"container\">\n\t\t\t\t\t<div class=\"e-con-inner\">\n\t\t\t\t<div class=\"elementor-element elementor-element-78a1b97 elementor-invisible elementor-widget elementor-widget-image\" data-id=\"78a1b97\" data-element_type=\"widget\" data-e-type=\"widget\" data-settings=\"{&quot;_animation&quot;:&quot;fadeInLeft&quot;}\" data-widget_type=\"image.default\">\n\t\t\t\t<div class=\"elementor-widget-container\">\n\t\t\t\t\t\t\t\t\t\t\t\t\t\t\t<img loading=\"lazy\" decoding=\"async\" width=\"600\" height=\"985\" src=\"https:\/\/gadou.fr\/wp-content\/uploads\/2024\/06\/Page-intro-gadou-genese.png\" class=\"attachment-full size-full wp-image-494\" alt=\"Gen\u00e8se de Gadou\" srcset=\"https:\/\/gadou.fr\/wp-content\/uploads\/2024\/06\/Page-intro-gadou-genese.png 600w, https:\/\/gadou.fr\/wp-content\/uploads\/2024\/06\/Page-intro-gadou-genese-183x300.png 183w\" sizes=\"100vw\" \/>\t\t\t\t\t\t\t\t\t\t\t\t\t\t\t<\/div>\n\t\t\t\t<\/div>\n\t\t\t\t<div class=\"elementor-element elementor-element-e34fdaf elementor-invisible elementor-widget elementor-widget-image\" data-id=\"e34fdaf\" data-element_type=\"widget\" data-e-type=\"widget\" data-settings=\"{&quot;_animation&quot;:&quot;fadeInRight&quot;}\" data-widget_type=\"image.default\">\n\t\t\t\t<div class=\"elementor-widget-container\">\n\t\t\t\t\t\t\t\t\t\t\t\t\t\t\t<img loading=\"lazy\" decoding=\"async\" width=\"600\" height=\"845\" src=\"https:\/\/gadou.fr\/wp-content\/uploads\/2024\/06\/Page-intro-gadou-genese-v2.png\" class=\"attachment-full size-full wp-image-504\" alt=\"Gen\u00e8se de Gadou\" srcset=\"https:\/\/gadou.fr\/wp-content\/uploads\/2024\/06\/Page-intro-gadou-genese-v2.png 600w, https:\/\/gadou.fr\/wp-content\/uploads\/2024\/06\/Page-intro-gadou-genese-v2-213x300.png 213w\" sizes=\"100vw\" \/>\t\t\t\t\t\t\t\t\t\t\t\t\t\t\t<\/div>\n\t\t\t\t<\/div>\n\t\t\t\t\t<\/div>\n\t\t\t\t<\/div>\n\t\t\t\t<\/div>\n\t\t","protected":false},"excerpt":{"rendered":"","protected":false},"author":1,"featured_media":0,"parent":0,"menu_order":0,"comment_status":"closed","ping_status":"closed","template":"","meta":{"footnotes":""},"class_list":["post-12","page","type-page","status-publish","hentry"],"_links":{"self":[{"href":"https:\/\/gadou.fr\/index.php\/wp-json\/wp\/v2\/pages\/12","targetHints":{"allow":["GET"]}}],"collection":[{"href":"https:\/\/gadou.fr\/index.php\/wp-json\/wp\/v2\/pages"}],"about":[{"href":"https:\/\/gadou.fr\/index.php\/wp-json\/wp\/v2\/types\/page"}],"author":[{"embeddable":true,"href":"https:\/\/gadou.fr\/index.php\/wp-json\/wp\/v2\/users\/1"}],"replies":[{"embeddable":true,"href":"https:\/\/gadou.fr\/index.php\/wp-json\/wp\/v2\/comments?post=12"}],"version-history":[{"count":121,"href":"https:\/\/gadou.fr\/index.php\/wp-json\/wp\/v2\/pages\/12\/revisions"}],"predecessor-version":[{"id":648,"href":"https:\/\/gadou.fr\/index.php\/wp-json\/wp\/v2\/pages\/12\/revisions\/648"}],"wp:attachment":[{"href":"https:\/\/gadou.fr\/index.php\/wp-json\/wp\/v2\/media?parent=12"}],"curies":[{"name":"wp","href":"https:\/\/api.w.org\/{rel}","templated":true}]}}